{"id":1010588,"date":"2021-01-25T16:49:48","date_gmt":"2021-01-25T15:49:48","guid":{"rendered":"https:\/\/www.staging.sip.ch\/histoire\/"},"modified":"2024-07-31T10:06:24","modified_gmt":"2024-07-31T08:06:24","slug":"histoire","status":"publish","type":"page","link":"https:\/\/www.staging.sip.ch\/fr\/histoire\/","title":{"rendered":"Histoire"},"content":{"rendered":"\t\t<div data-elementor-type=\"wp-page\" data-elementor-id=\"1010588\" class=\"elementor elementor-1010588\">\n\t\t\t\t\t\t<section class=\"elementor-section elementor-top-section elementor-element elementor-element-c377e02 elementor-section-boxed elementor-section-height-default elementor-section-height-default\" data-id=\"c377e02\" data-element_type=\"section\">\n\t\t\t\t\t\t<div class=\"elementor-container elementor-column-gap-default\">\n\t\t\t\t\t<div class=\"elementor-column elementor-col-100 elementor-top-column elementor-element elementor-element-524affd\" data-id=\"524affd\" data-element_type=\"column\">\n\t\t\t<div class=\"elementor-widget-wrap elementor-element-populated\">\n\t\t\t\t\t\t<div class=\"elementor-element elementor-element-6eca6b9 elementor-widget elementor-widget-spacer\" data-id=\"6eca6b9\" data-element_type=\"widget\" data-widget_type=\"spacer.default\">\n\t\t\t\t<div class=\"elementor-widget-container\">\n\t\t\t\t\t<div class=\"elementor-spacer\">\n\t\t\t<div class=\"elementor-spacer-inner\"><\/div>\n\t\t<\/div>\n\t\t\t\t<\/div>\n\t\t\t\t<\/div>\n\t\t\t\t\t<\/div>\n\t\t<\/div>\n\t\t\t\t\t<\/div>\n\t\t<\/section>\n\t\t\t\t<section class=\"elementor-section elementor-top-section elementor-element elementor-element-f419b85 elementor-section-boxed elementor-section-height-default elementor-section-height-default\" data-id=\"f419b85\" data-element_type=\"section\">\n\t\t\t\t\t\t<div class=\"elementor-container elementor-column-gap-default\">\n\t\t\t\t\t<div class=\"elementor-column elementor-col-100 elementor-top-column elementor-element elementor-element-89fbfcf\" data-id=\"89fbfcf\" data-element_type=\"column\">\n\t\t\t<div class=\"elementor-widget-wrap elementor-element-populated\">\n\t\t\t\t\t\t<div class=\"elementor-element elementor-element-03e06ff elementor-widget elementor-widget-heading\" data-id=\"03e06ff\" data-element_type=\"widget\" data-widget_type=\"heading.default\">\n\t\t\t\t<div class=\"elementor-widget-container\">\n\t\t\t<h1 class=\"elementor-heading-title elementor-size-xl\">Histoire<br><\/h1>\t\t<\/div>\n\t\t\t\t<\/div>\n\t\t\t\t\t<\/div>\n\t\t<\/div>\n\t\t\t\t\t<\/div>\n\t\t<\/section>\n\t\t\t\t<section class=\"elementor-section elementor-top-section elementor-element elementor-element-b901800 elementor-section-boxed elementor-section-height-default elementor-section-height-default\" data-id=\"b901800\" data-element_type=\"section\">\n\t\t\t\t\t\t<div class=\"elementor-container elementor-column-gap-default\">\n\t\t\t\t\t<div class=\"elementor-column elementor-col-100 elementor-top-column elementor-element elementor-element-7e3ba30\" data-id=\"7e3ba30\" data-element_type=\"column\">\n\t\t\t<div class=\"elementor-widget-wrap elementor-element-populated\">\n\t\t\t\t\t\t<div class=\"elementor-element elementor-element-2925174 elementor-widget elementor-widget-image\" data-id=\"2925174\" data-element_type=\"widget\" data-widget_type=\"image.default\">\n\t\t\t\t<div class=\"elementor-widget-container\">\n\t\t\t\t\t\t\t\t\t\t\t\t\t<img fetchpriority=\"high\" decoding=\"async\" width=\"1110\" height=\"441\" src=\"https:\/\/www.staging.sip.ch\/wp-content\/uploads\/2024\/07\/history.webp\" class=\"attachment-full size-full wp-image-6020813\" alt=\"\" srcset=\"https:\/\/www.staging.sip.ch\/wp-content\/uploads\/2024\/07\/history.webp 1110w, https:\/\/www.staging.sip.ch\/wp-content\/uploads\/2024\/07\/history-300x119.webp 300w, https:\/\/www.staging.sip.ch\/wp-content\/uploads\/2024\/07\/history-1024x407.webp 1024w, https:\/\/www.staging.sip.ch\/wp-content\/uploads\/2024\/07\/history-768x305.webp 768w\" sizes=\"(max-width: 1110px) 100vw, 1110px\" \/>\t\t\t\t\t\t\t\t\t\t\t\t\t<\/div>\n\t\t\t\t<\/div>\n\t\t\t\t<div class=\"elementor-element elementor-element-6ad47a9 elementor-widget elementor-widget-text-editor\" data-id=\"6ad47a9\" data-element_type=\"widget\" data-widget_type=\"text-editor.default\">\n\t\t\t\t<div class=\"elementor-widget-container\">\n\t\t\t\t\t\t\t<p class=\"MsoNormal\"><span lang=\"EN-GB\">En 1997, le fondateur de SIP, l&rsquo;entrepreneur suisse <a href=\"https:\/\/chriskalin.com\/\" target=\"_blank\" rel=\"noopener\"><span style=\"text-decoration: underline;\"><span style=\"color: #062c50; text-decoration: underline;\">Dr. Christian H. K\u00e4lin<\/span><\/span><\/a> a fait face aux difficult\u00e9s des expatri\u00e9s ayant besoin d&rsquo;une assurance maladie et d&rsquo;traitement m\u00e9dical en dehors de leur pays d&rsquo;origine:\u00a0 <\/span><span lang=\"EN-GB\">Un grand nombre de services d&rsquo;assurance parmi lesquels choisir, la comparaison du prix et de la qualit\u00e9 des options d&rsquo;assurance maladie n\u00e9cessitant beaucoup de temps et d&rsquo;efforts, des conseillers biais\u00e9s qui ne proposent que des solutions leur offrant la plus grande rentabilit\u00e9, ou des vendeurs d&rsquo;assurance compl\u00e8tement incomp\u00e9tents qui pr\u00e9sentent un seul plan en particulier. En outre, lorsqu&rsquo;il s&rsquo;agit de trouver les bons sp\u00e9cialistes m\u00e9dicaux et les bons h\u00f4pitaux pour le traitement, la situation est \u00e0 certains \u00e9gards encore pire : le biais de confirmation persistant des m\u00e9decins, le large foss\u00e9 d&rsquo;information entre le patient et les sp\u00e9cialistes m\u00e9dicaux, qui est souvent exploit\u00e9 par ces derniers, et les incitations g\u00e9n\u00e9ralement erron\u00e9es qui sont mises en place dans le syst\u00e8me de sant\u00e9 moderne, entra\u00eenent des risques importants pour les patients qui recherchent des conseils m\u00e9dicaux \u00e9quitables et hautement comp\u00e9tents.<\/span><\/p><p class=\"MsoNormal\"><span lang=\"EN-GB\">Avec l&rsquo;id\u00e9e en t\u00eate qu&rsquo;aucun individu ne devrait avoir \u00e0 subir la m\u00eame exp\u00e9rience, SIP\u00a0a \u00e9t\u00e9 cr\u00e9\u00e9 la m\u00eame ann\u00e9e.<\/span><\/p><p class=\"MsoNormal\"><span lang=\"EN-GB\">Depuis ce jour, SIP\u00a0se concentre sur la recherche des meilleures solutions d&rsquo;assurance maladie et expertise m\u00e9dicale pour les personnes en mobilit\u00e9 dans le monde telles que les expatri\u00e9s, les voyageurs fr\u00e9quents, les citoyens du monde ou toutes les personnes et familles ne voulant pas faire de compromis lorsqu&rsquo;il s&rsquo;agit de la meilleure protection de leur sant\u00e9. <\/span><\/p><p class=\"MsoNormal\"><span lang=\"EN-GB\">Inspir\u00e9 par l&rsquo;exp\u00e9rience du fondateur, notre personnel se consacre \u00e0 l&rsquo;id\u00e9e de fournir des conseils totalement ind\u00e9pendants et transparents dans le but de trouver la meilleure solution \u00e0 la situation unique de chacun, en les prot\u00e9geant contre les surcharges, et pour permettre \u00e0 nos clients de b\u00e9n\u00e9ficier d\u2019une protection de sant\u00e9 sur le long terme. <\/span><\/p><p class=\"MsoNormal\"><span lang=\"EN-GB\">En tant que partenaire de confiance des principales compagnies d&rsquo;Assurance Maladie dans le monde, SIP\u00a0accorde la priorit\u00e9 aux int\u00e9r\u00eats des particuliers et des familles depuis plus de 20 ans. Exp\u00e9rimentant chaque jour les d\u00e9fis de nos clients, nous consid\u00e9rons qu&rsquo;il est de notre devoir de travailler en \u00e9troite collaboration avec les assureurs et les prestataires de soins m\u00e9dicaux pour am\u00e9liorer continuellement les solutions et les services pour nos clients. <\/span><\/p><p class=\"MsoNormal\"><span lang=\"EN-GB\">En 2019, SIP\u00a0a lanc\u00e9 son Medical Family Office (MFO), offrant de nouvelles et meilleures fa\u00e7ons de prot\u00e9ger et de g\u00e9rer la sant\u00e9 de ses clients, dans un syst\u00e8me de sant\u00e9 de plus en plus biais\u00e9 \u00e0 travers le monde. Le MFO est un concept unique qui repr\u00e9sente un d\u00e9vouement \u00e0 100% \u00e0 la sant\u00e9 d\u2019un individu ou d\u2019une famille. Avec une gamme compl\u00e8te de services discrets autour de votre bien-\u00eatre, allant de l&rsquo;Assurance Maladie Internationale aux Services de Sant\u00e9 Privil\u00e9gi\u00e9s et \u00e0 la M\u00e9decine Pr\u00e9ventive, nous nous assurons que votre sant\u00e9 soit prot\u00e9g\u00e9e \u00e0 tout moment.<\/span><\/p>\t\t\t\t\t\t<\/div>\n\t\t\t\t<\/div>\n\t\t\t\t\t<\/div>\n\t\t<\/div>\n\t\t\t\t\t<\/div>\n\t\t<\/section>\n\t\t\t\t<section class=\"elementor-section elementor-top-section elementor-element elementor-element-843c3aa elementor-section-boxed elementor-section-height-default elementor-section-height-default\" data-id=\"843c3aa\" data-element_type=\"section\">\n\t\t\t\t\t\t<div class=\"elementor-container elementor-column-gap-default\">\n\t\t\t\t\t<div class=\"elementor-column elementor-col-100 elementor-top-column elementor-element elementor-element-061807d\" data-id=\"061807d\" data-element_type=\"column\">\n\t\t\t<div class=\"elementor-widget-wrap elementor-element-populated\">\n\t\t\t\t\t\t<div class=\"elementor-element elementor-element-cc16991 elementor-widget elementor-widget-spacer\" data-id=\"cc16991\" data-element_type=\"widget\" data-widget_type=\"spacer.default\">\n\t\t\t\t<div class=\"elementor-widget-container\">\n\t\t\t\t\t<div class=\"elementor-spacer\">\n\t\t\t<div class=\"elementor-spacer-inner\"><\/div>\n\t\t<\/div>\n\t\t\t\t<\/div>\n\t\t\t\t<\/div>\n\t\t\t\t\t<\/div>\n\t\t<\/div>\n\t\t\t\t\t<\/div>\n\t\t<\/section>\n\t\t\t\t<\/div>\n\t\t","protected":false},"excerpt":{"rendered":"<p>Histoire En 1997, le fondateur de SIP, l&rsquo;entrepreneur suisse Dr. Christian H. K\u00e4lin a fait face aux difficult\u00e9s des expatri\u00e9s ayant besoin d&rsquo;une assurance maladie et d&rsquo;traitement m\u00e9dical en dehors de leur pays d&rsquo;origine:\u00a0 Un grand nombre de services d&rsquo;assurance parmi lesquels choisir, la comparaison du prix et de la qualit\u00e9 des options d&rsquo;assurance maladie [&hellip;]<\/p>\n","protected":false},"author":1,"featured_media":0,"parent":0,"menu_order":0,"comment_status":"closed","ping_status":"closed","template":"elementor_header_footer","meta":[],"_links":{"self":[{"href":"https:\/\/www.staging.sip.ch\/fr\/wp-json\/wp\/v2\/pages\/1010588"}],"collection":[{"href":"https:\/\/www.staging.sip.ch\/fr\/wp-json\/wp\/v2\/pages"}],"about":[{"href":"https:\/\/www.staging.sip.ch\/fr\/wp-json\/wp\/v2\/types\/page"}],"author":[{"embeddable":true,"href":"https:\/\/www.staging.sip.ch\/fr\/wp-json\/wp\/v2\/users\/1"}],"replies":[{"embeddable":true,"href":"https:\/\/www.staging.sip.ch\/fr\/wp-json\/wp\/v2\/comments?post=1010588"}],"version-history":[{"count":53,"href":"https:\/\/www.staging.sip.ch\/fr\/wp-json\/wp\/v2\/pages\/1010588\/revisions"}],"predecessor-version":[{"id":6020927,"href":"https:\/\/www.staging.sip.ch\/fr\/wp-json\/wp\/v2\/pages\/1010588\/revisions\/6020927"}],"wp:attachment":[{"href":"https:\/\/www.staging.sip.ch\/fr\/wp-json\/wp\/v2\/media?parent=1010588"}],"curies":[{"name":"wp","href":"https:\/\/api.w.org\/{rel}","templated":true}]}}