{"id":1010569,"date":"2021-01-25T16:16:12","date_gmt":"2021-01-25T15:16:12","guid":{"rendered":"https:\/\/www.staging.sip.ch\/mission-vision\/"},"modified":"2024-07-31T11:59:23","modified_gmt":"2024-07-31T09:59:23","slug":"mission-vision","status":"publish","type":"page","link":"https:\/\/www.staging.sip.ch\/fr\/mission-vision\/","title":{"rendered":"Mission &#038; Vision"},"content":{"rendered":"\t\t<div data-elementor-type=\"wp-page\" data-elementor-id=\"1010569\" class=\"elementor elementor-1010569\">\n\t\t\t\t\t\t<section class=\"elementor-section elementor-top-section elementor-element elementor-element-b16b26e elementor-section-boxed elementor-section-height-default elementor-section-height-default\" data-id=\"b16b26e\" data-element_type=\"section\">\n\t\t\t\t\t\t<div class=\"elementor-container elementor-column-gap-default\">\n\t\t\t\t\t<div class=\"elementor-column elementor-col-100 elementor-top-column elementor-element elementor-element-69d4f0a\" data-id=\"69d4f0a\" data-element_type=\"column\">\n\t\t\t<div class=\"elementor-widget-wrap elementor-element-populated\">\n\t\t\t\t\t\t<div class=\"elementor-element elementor-element-0a1559f elementor-widget elementor-widget-spacer\" data-id=\"0a1559f\" data-element_type=\"widget\" data-widget_type=\"spacer.default\">\n\t\t\t\t<div class=\"elementor-widget-container\">\n\t\t\t\t\t<div class=\"elementor-spacer\">\n\t\t\t<div class=\"elementor-spacer-inner\"><\/div>\n\t\t<\/div>\n\t\t\t\t<\/div>\n\t\t\t\t<\/div>\n\t\t\t\t\t<\/div>\n\t\t<\/div>\n\t\t\t\t\t<\/div>\n\t\t<\/section>\n\t\t\t\t<section class=\"elementor-section elementor-top-section elementor-element elementor-element-1282632 elementor-section-boxed elementor-section-height-default elementor-section-height-default\" data-id=\"1282632\" data-element_type=\"section\">\n\t\t\t\t\t\t<div class=\"elementor-container elementor-column-gap-default\">\n\t\t\t\t\t<div class=\"elementor-column elementor-col-100 elementor-top-column elementor-element elementor-element-a805bb8\" data-id=\"a805bb8\" data-element_type=\"column\">\n\t\t\t<div class=\"elementor-widget-wrap elementor-element-populated\">\n\t\t\t\t\t\t<div class=\"elementor-element elementor-element-8b676f5 elementor-widget elementor-widget-heading\" data-id=\"8b676f5\" data-element_type=\"widget\" data-widget_type=\"heading.default\">\n\t\t\t\t<div class=\"elementor-widget-container\">\n\t\t\t<h1 class=\"elementor-heading-title elementor-size-xl\">Mission, Vision et Principes<\/h1>\t\t<\/div>\n\t\t\t\t<\/div>\n\t\t\t\t\t<\/div>\n\t\t<\/div>\n\t\t\t\t\t<\/div>\n\t\t<\/section>\n\t\t\t\t<section class=\"elementor-section elementor-top-section elementor-element elementor-element-f27b1fd elementor-section-boxed elementor-section-height-default elementor-section-height-default\" data-id=\"f27b1fd\" data-element_type=\"section\">\n\t\t\t\t\t\t<div class=\"elementor-container elementor-column-gap-default\">\n\t\t\t\t\t<div class=\"elementor-column elementor-col-100 elementor-top-column elementor-element elementor-element-29ab6fe\" data-id=\"29ab6fe\" data-element_type=\"column\">\n\t\t\t<div class=\"elementor-widget-wrap elementor-element-populated\">\n\t\t\t\t\t\t<div class=\"elementor-element elementor-element-10f500f elementor-widget elementor-widget-image\" data-id=\"10f500f\" data-element_type=\"widget\" data-widget_type=\"image.default\">\n\t\t\t\t<div class=\"elementor-widget-container\">\n\t\t\t\t\t\t\t\t\t\t\t\t\t<img fetchpriority=\"high\" decoding=\"async\" width=\"1110\" height=\"441\" src=\"https:\/\/www.staging.sip.ch\/wp-content\/uploads\/2024\/07\/mission.webp\" class=\"attachment-full size-full wp-image-6020807\" alt=\"\" srcset=\"https:\/\/www.staging.sip.ch\/wp-content\/uploads\/2024\/07\/mission.webp 1110w, https:\/\/www.staging.sip.ch\/wp-content\/uploads\/2024\/07\/mission-300x119.webp 300w, https:\/\/www.staging.sip.ch\/wp-content\/uploads\/2024\/07\/mission-1024x407.webp 1024w, https:\/\/www.staging.sip.ch\/wp-content\/uploads\/2024\/07\/mission-768x305.webp 768w\" sizes=\"(max-width: 1110px) 100vw, 1110px\" \/>\t\t\t\t\t\t\t\t\t\t\t\t\t<\/div>\n\t\t\t\t<\/div>\n\t\t\t\t\t<\/div>\n\t\t<\/div>\n\t\t\t\t\t<\/div>\n\t\t<\/section>\n\t\t\t\t<section class=\"elementor-section elementor-top-section elementor-element elementor-element-1fc42ce2 elementor-section-content-middle elementor-section-boxed elementor-section-height-default elementor-section-height-default\" data-id=\"1fc42ce2\" data-element_type=\"section\">\n\t\t\t\t\t\t<div class=\"elementor-container elementor-column-gap-no\">\n\t\t\t\t\t<div class=\"elementor-column elementor-col-50 elementor-top-column elementor-element elementor-element-77d10647\" data-id=\"77d10647\" data-element_type=\"column\">\n\t\t\t<div class=\"elementor-widget-wrap elementor-element-populated\">\n\t\t\t\t\t\t<div class=\"elementor-element elementor-element-2dd5ba6 elementor-widget elementor-widget-heading\" data-id=\"2dd5ba6\" data-element_type=\"widget\" data-widget_type=\"heading.default\">\n\t\t\t\t<div class=\"elementor-widget-container\">\n\t\t\t<h2 class=\"elementor-heading-title elementor-size-default\"> Prot\u00e9ger votre sant\u00e9.   <br>\nDepuis 1997.<\/h2>\t\t<\/div>\n\t\t\t\t<\/div>\n\t\t\t\t\t<\/div>\n\t\t<\/div>\n\t\t\t\t<div class=\"elementor-column elementor-col-50 elementor-top-column elementor-element elementor-element-f63acd4\" data-id=\"f63acd4\" data-element_type=\"column\">\n\t\t\t<div class=\"elementor-widget-wrap elementor-element-populated\">\n\t\t\t\t\t\t<div class=\"elementor-element elementor-element-2fa7370b elementor-vertical-align-top elementor-widget elementor-widget-icon-box\" data-id=\"2fa7370b\" data-element_type=\"widget\" data-widget_type=\"icon-box.default\">\n\t\t\t\t<div class=\"elementor-widget-container\">\n\t\t\t\t\t<div class=\"elementor-icon-box-wrapper\">\n\n\t\t\t\n\t\t\t\t\t\t<div class=\"elementor-icon-box-content\">\n\n\t\t\t\t\t\t\t\t\t<h3 class=\"elementor-icon-box-title\">\n\t\t\t\t\t\t<span  >\n\t\t\t\t\t\t\tNotre mission\t\t\t\t\t\t<\/span>\n\t\t\t\t\t<\/h3>\n\t\t\t\t\n\t\t\t\t\t\t\t\t\t<p class=\"elementor-icon-box-description\">\n\t\t\t\t\t\tCr\u00e9\u00e9 en 1997, SIP Medical Family Office\u00ae s'engage \u00e0 prot\u00e9ger votre plus grande richesse: Votre Sant\u00e9. Tout ce que nous faisons a un impact positif et nous rendons la vie de tous ceux avec qui nous nous engageons plus saine et plus agr\u00e9able.\t\t\t\t\t<\/p>\n\t\t\t\t\n\t\t\t<\/div>\n\t\t\t\n\t\t<\/div>\n\t\t\t\t<\/div>\n\t\t\t\t<\/div>\n\t\t\t\t<div class=\"elementor-element elementor-element-5eb23849 elementor-vertical-align-top elementor-widget elementor-widget-icon-box\" data-id=\"5eb23849\" data-element_type=\"widget\" data-widget_type=\"icon-box.default\">\n\t\t\t\t<div class=\"elementor-widget-container\">\n\t\t\t\t\t<div class=\"elementor-icon-box-wrapper\">\n\n\t\t\t\n\t\t\t\t\t\t<div class=\"elementor-icon-box-content\">\n\n\t\t\t\t\t\t\t\t\t<h3 class=\"elementor-icon-box-title\">\n\t\t\t\t\t\t<span  >\n\t\t\t\t\t\t\tNotre Vision\t\t\t\t\t\t<\/span>\n\t\t\t\t\t<\/h3>\n\t\t\t\t\n\t\t\t\t\t\t\t\t\t<p class=\"elementor-icon-box-description\">\n\t\t\t\t\t\tNous travaillons pour un monde o\u00f9 chacun puisse vivre une vie saine, peu importe le lieu de naissance. Nous aidons les gens \u00e0 am\u00e9liorer leur vie gr\u00e2ce aux services que nous fournissons afin de g\u00e9rer leur sant\u00e9 de la meilleure fa\u00e7on possible. Nous aspirons \u00e0 garantir une vie saine et durable pour tous.\t\t\t\t\t<\/p>\n\t\t\t\t\n\t\t\t<\/div>\n\t\t\t\n\t\t<\/div>\n\t\t\t\t<\/div>\n\t\t\t\t<\/div>\n\t\t\t\t<div class=\"elementor-element elementor-element-6cdd3ecb elementor-vertical-align-top elementor-widget elementor-widget-icon-box\" data-id=\"6cdd3ecb\" data-element_type=\"widget\" data-widget_type=\"icon-box.default\">\n\t\t\t\t<div class=\"elementor-widget-container\">\n\t\t\t\t\t<div class=\"elementor-icon-box-wrapper\">\n\n\t\t\t\n\t\t\t\t\t\t<div class=\"elementor-icon-box-content\">\n\n\t\t\t\t\t\t\t\t\t<h3 class=\"elementor-icon-box-title\">\n\t\t\t\t\t\t<span  >\n\t\t\t\t\t\t\tNos valeurs\t\t\t\t\t\t<\/span>\n\t\t\t\t\t<\/h3>\n\t\t\t\t\n\t\t\t\t\t\t\t\t\t<p class=\"elementor-icon-box-description\">\n\t\t\t\t\t\tAfin de nous assurer de r\u00e9pondre aux exigences non seulement de nos clients mais aussi de nous-m\u00eames, nous sommes guid\u00e9s par trois principes \u00e0 la base de notre fa\u00e7on de travailler:<br \/><br \/>\r\n\u2022\tTout ce que nous faisons est bas\u00e9 sur l'honn\u00eatet\u00e9, l'int\u00e9grit\u00e9 et sur les normes \u00e9thiques les plus \u00e9lev\u00e9es\r\n<br \/>\u2022\tNous trouvons toujours les meilleures solutions gr\u00e2ce \u00e0 une approche professionnelle rigoureuse, en nous engageant \u00e0 faire tout ce qui est en notre pouvoir pour aider les autres<br \/>\r\n\u2022\tNous sommes toujours pr\u00e9sents pour soutenir la sant\u00e9 et le bien-\u00eatre de nos clients\r\n\t\t\t\t\t<\/p>\n\t\t\t\t\n\t\t\t<\/div>\n\t\t\t\n\t\t<\/div>\n\t\t\t\t<\/div>\n\t\t\t\t<\/div>\n\t\t\t\t\t<\/div>\n\t\t<\/div>\n\t\t\t\t\t<\/div>\n\t\t<\/section>\n\t\t\t\t<section class=\"elementor-section elementor-top-section elementor-element elementor-element-de84581 elementor-section-boxed elementor-section-height-default elementor-section-height-default\" data-id=\"de84581\" data-element_type=\"section\">\n\t\t\t\t\t\t<div class=\"elementor-container elementor-column-gap-default\">\n\t\t\t\t\t<div class=\"elementor-column elementor-col-100 elementor-top-column elementor-element elementor-element-297d056\" data-id=\"297d056\" data-element_type=\"column\">\n\t\t\t<div class=\"elementor-widget-wrap\">\n\t\t\t\t\t\t\t<\/div>\n\t\t<\/div>\n\t\t\t\t\t<\/div>\n\t\t<\/section>\n\t\t\t\t<\/div>\n\t\t","protected":false},"excerpt":{"rendered":"<p>Mission, Vision et Principes Prot\u00e9ger votre sant\u00e9. Depuis 1997. Notre mission Cr\u00e9\u00e9 en 1997, SIP Medical Family Office\u00ae s&rsquo;engage \u00e0 prot\u00e9ger votre plus grande richesse: Votre Sant\u00e9. Tout ce que nous faisons a un impact positif et nous rendons la vie de tous ceux avec qui nous nous engageons plus saine et plus agr\u00e9able. Notre [&hellip;]<\/p>\n","protected":false},"author":1,"featured_media":0,"parent":0,"menu_order":0,"comment_status":"closed","ping_status":"closed","template":"elementor_header_footer","meta":[],"_links":{"self":[{"href":"https:\/\/www.staging.sip.ch\/fr\/wp-json\/wp\/v2\/pages\/1010569"}],"collection":[{"href":"https:\/\/www.staging.sip.ch\/fr\/wp-json\/wp\/v2\/pages"}],"about":[{"href":"https:\/\/www.staging.sip.ch\/fr\/wp-json\/wp\/v2\/types\/page"}],"author":[{"embeddable":true,"href":"https:\/\/www.staging.sip.ch\/fr\/wp-json\/wp\/v2\/users\/1"}],"replies":[{"embeddable":true,"href":"https:\/\/www.staging.sip.ch\/fr\/wp-json\/wp\/v2\/comments?post=1010569"}],"version-history":[{"count":30,"href":"https:\/\/www.staging.sip.ch\/fr\/wp-json\/wp\/v2\/pages\/1010569\/revisions"}],"predecessor-version":[{"id":6020983,"href":"https:\/\/www.staging.sip.ch\/fr\/wp-json\/wp\/v2\/pages\/1010569\/revisions\/6020983"}],"wp:attachment":[{"href":"https:\/\/www.staging.sip.ch\/fr\/wp-json\/wp\/v2\/media?parent=1010569"}],"curies":[{"name":"wp","href":"https:\/\/api.w.org\/{rel}","templated":true}]}}