{"id":1010493,"date":"2021-01-23T17:00:11","date_gmt":"2021-01-23T16:00:11","guid":{"rendered":"https:\/\/www.staging.sip.ch\/carrieres\/"},"modified":"2024-10-17T22:23:45","modified_gmt":"2024-10-17T20:23:45","slug":"carrieres","status":"publish","type":"page","link":"https:\/\/www.staging.sip.ch\/fr\/carrieres\/","title":{"rendered":"Carri\u00e8res"},"content":{"rendered":"\t\t<div data-elementor-type=\"wp-page\" data-elementor-id=\"1010493\" class=\"elementor elementor-1010493\">\n\t\t\t\t\t\t<section class=\"elementor-section elementor-top-section elementor-element elementor-element-cb0f03b elementor-section-boxed elementor-section-height-default elementor-section-height-default\" data-id=\"cb0f03b\" data-element_type=\"section\">\n\t\t\t\t\t\t<div class=\"elementor-container elementor-column-gap-default\">\n\t\t\t\t\t<div class=\"elementor-column elementor-col-100 elementor-top-column elementor-element elementor-element-b425438\" data-id=\"b425438\" data-element_type=\"column\">\n\t\t\t<div class=\"elementor-widget-wrap elementor-element-populated\">\n\t\t\t\t\t\t<div class=\"elementor-element elementor-element-90030c9 elementor-widget elementor-widget-spacer\" data-id=\"90030c9\" data-element_type=\"widget\" data-widget_type=\"spacer.default\">\n\t\t\t\t<div class=\"elementor-widget-container\">\n\t\t\t\t\t<div class=\"elementor-spacer\">\n\t\t\t<div class=\"elementor-spacer-inner\"><\/div>\n\t\t<\/div>\n\t\t\t\t<\/div>\n\t\t\t\t<\/div>\n\t\t\t\t<div class=\"elementor-element elementor-element-af64160 elementor-widget elementor-widget-heading\" data-id=\"af64160\" data-element_type=\"widget\" data-widget_type=\"heading.default\">\n\t\t\t\t<div class=\"elementor-widget-container\">\n\t\t\t<h1 class=\"elementor-heading-title elementor-size-default\">Carri\u00e8res<\/h1>\t\t<\/div>\n\t\t\t\t<\/div>\n\t\t\t\t\t<\/div>\n\t\t<\/div>\n\t\t\t\t\t<\/div>\n\t\t<\/section>\n\t\t\t\t<section class=\"elementor-section elementor-top-section elementor-element elementor-element-6b05df51 elementor-section-boxed elementor-section-height-default elementor-section-height-default\" data-id=\"6b05df51\" data-element_type=\"section\">\n\t\t\t\t\t\t<div class=\"elementor-container elementor-column-gap-default\">\n\t\t\t\t\t<div class=\"elementor-column elementor-col-100 elementor-top-column elementor-element elementor-element-76481c08\" data-id=\"76481c08\" data-element_type=\"column\">\n\t\t\t<div class=\"elementor-widget-wrap elementor-element-populated\">\n\t\t\t\t\t\t<div class=\"elementor-element elementor-element-7f12c58c elementor-widget elementor-widget-image\" data-id=\"7f12c58c\" data-element_type=\"widget\" data-widget_type=\"image.default\">\n\t\t\t\t<div class=\"elementor-widget-container\">\n\t\t\t\t\t\t\t\t\t\t\t\t\t<img fetchpriority=\"high\" decoding=\"async\" width=\"2560\" height=\"1222\" src=\"https:\/\/www.staging.sip.ch\/wp-content\/uploads\/2024\/07\/career-2-scaled-e1725352914732.webp\" class=\"attachment-full size-full wp-image-6020818\" alt=\"\" srcset=\"https:\/\/www.staging.sip.ch\/wp-content\/uploads\/2024\/07\/career-2-scaled-e1725352914732.webp 2560w, https:\/\/www.staging.sip.ch\/wp-content\/uploads\/2024\/07\/career-2-scaled-e1725352914732-300x143.webp 300w, https:\/\/www.staging.sip.ch\/wp-content\/uploads\/2024\/07\/career-2-scaled-e1725352914732-1024x489.webp 1024w, https:\/\/www.staging.sip.ch\/wp-content\/uploads\/2024\/07\/career-2-scaled-e1725352914732-768x367.webp 768w, https:\/\/www.staging.sip.ch\/wp-content\/uploads\/2024\/07\/career-2-scaled-e1725352914732-1536x733.webp 1536w, https:\/\/www.staging.sip.ch\/wp-content\/uploads\/2024\/07\/career-2-scaled-e1725352914732-2048x978.webp 2048w\" sizes=\"(max-width: 2560px) 100vw, 2560px\" \/>\t\t\t\t\t\t\t\t\t\t\t\t\t<\/div>\n\t\t\t\t<\/div>\n\t\t\t\t<div class=\"elementor-element elementor-element-f18c3da elementor-widget elementor-widget-text-editor\" data-id=\"f18c3da\" data-element_type=\"widget\" data-widget_type=\"text-editor.default\">\n\t\t\t\t<div class=\"elementor-widget-container\">\n\t\t\t\t\t\t\t<p>Depuis plus de 25 ans, nous nous engageons \u00e0 prot\u00e9ger la sant\u00e9 des personnes dans le monde entier. Si vous souhaitez rejoindre une \u00e9quipe de professionnels d\u00e9vou\u00e9s qui ont un impact sur la vie des gens chaque jour, consultez les postes disponibles ci-dessous et contactez-nous.<\/p>\t\t\t\t\t\t<\/div>\n\t\t\t\t<\/div>\n\t\t\t\t\t<\/div>\n\t\t<\/div>\n\t\t\t\t\t<\/div>\n\t\t<\/section>\n\t\t\t\t<section class=\"elementor-section elementor-top-section elementor-element elementor-element-7d89138 elementor-section-boxed elementor-section-height-default elementor-section-height-default\" data-id=\"7d89138\" data-element_type=\"section\">\n\t\t\t\t\t\t<div class=\"elementor-container elementor-column-gap-default\">\n\t\t\t\t\t<div class=\"elementor-column elementor-col-100 elementor-top-column elementor-element elementor-element-40b6517\" data-id=\"40b6517\" data-element_type=\"column\">\n\t\t\t<div class=\"elementor-widget-wrap elementor-element-populated\">\n\t\t\t\t\t\t<section class=\"elementor-section elementor-inner-section elementor-element elementor-element-f2c87b7 elementor-section-boxed elementor-section-height-default elementor-section-height-default\" data-id=\"f2c87b7\" data-element_type=\"section\">\n\t\t\t\t\t\t<div class=\"elementor-container elementor-column-gap-default\">\n\t\t\t\t\t<div class=\"elementor-column elementor-col-100 elementor-inner-column elementor-element elementor-element-9a8f8b1\" data-id=\"9a8f8b1\" data-element_type=\"column\">\n\t\t\t<div class=\"elementor-widget-wrap elementor-element-populated\">\n\t\t\t\t\t\t<div class=\"elementor-element elementor-element-2bb630dd elementor-widget elementor-widget-heading\" data-id=\"2bb630dd\" data-element_type=\"widget\" data-widget_type=\"heading.default\">\n\t\t\t\t<div class=\"elementor-widget-container\">\n\t\t\t<h2 class=\"elementor-heading-title elementor-size-default\">Postes ouverts<\/h2>\t\t<\/div>\n\t\t\t\t<\/div>\n\t\t\t\t\t<\/div>\n\t\t<\/div>\n\t\t\t\t\t<\/div>\n\t\t<\/section>\n\t\t\t\t<section class=\"elementor-section elementor-inner-section elementor-element elementor-element-dd5e86f elementor-section-boxed elementor-section-height-default elementor-section-height-default\" data-id=\"dd5e86f\" data-element_type=\"section\">\n\t\t\t\t\t\t<div class=\"elementor-container elementor-column-gap-default\">\n\t\t\t\t\t<div class=\"elementor-column elementor-col-50 elementor-inner-column elementor-element elementor-element-8a82530\" data-id=\"8a82530\" data-element_type=\"column\">\n\t\t\t<div class=\"elementor-widget-wrap elementor-element-populated\">\n\t\t\t\t\t\t<div class=\"elementor-element elementor-element-16a511b elementor-widget elementor-widget-heading\" data-id=\"16a511b\" data-element_type=\"widget\" data-widget_type=\"heading.default\">\n\t\t\t\t<div class=\"elementor-widget-container\">\n\t\t\t<h2 class=\"elementor-heading-title elementor-size-default\">Account Manager \u2013 80-100% <br>\nBased in the Switzerland<\/h2>\t\t<\/div>\n\t\t\t\t<\/div>\n\t\t\t\t\t<\/div>\n\t\t<\/div>\n\t\t\t\t<div class=\"elementor-column elementor-col-50 elementor-inner-column elementor-element elementor-element-d4a0999\" data-id=\"d4a0999\" data-element_type=\"column\">\n\t\t\t<div class=\"elementor-widget-wrap elementor-element-populated\">\n\t\t\t\t\t\t<div class=\"elementor-element elementor-element-a09d23f elementor-widget elementor-widget-text-editor\" data-id=\"a09d23f\" data-element_type=\"widget\" data-widget_type=\"text-editor.default\">\n\t\t\t\t<div class=\"elementor-widget-container\">\n\t\t\t\t\t\t\t<div class=\"elementor-element elementor-element-7bb6ebda elementor-widget elementor-widget-text-editor\" data-id=\"7bb6ebda\" data-element_type=\"widget\" data-widget_type=\"text-editor.default\"><div class=\"elementor-widget-container\"><div class=\"elementor-text-editor elementor-clearfix\"><p>For our firm, a globally active, independent Medical Family Office for an affluent international clientele, we are looking for an additional force for our team in D\u00fcbendorf, just next to the train station Stettbach.<\/p><p>For over 25 years we have been focusing on international health insurance and health management. You will further develop and engage with our business introducers and partners in the international health insurance space (to learn more about the \u201chealth management\u201d space, do some research on our website).\u00a0Your task will be the development of new business by further expanding our network with brokers, financial advisors, family offices, and other private client advisors that will recommend our services to their clients. You will analyze the demands and needs of potential clients, quote products to prepare a market review, and advise the client on selecting the most suitable product.<\/p><\/div><\/div><\/div>\t\t\t\t\t\t<\/div>\n\t\t\t\t<\/div>\n\t\t\t\t<div class=\"elementor-element elementor-element-a6a4d84 elementor-widget elementor-widget-toggle\" data-id=\"a6a4d84\" data-element_type=\"widget\" data-widget_type=\"toggle.default\">\n\t\t\t\t<div class=\"elementor-widget-container\">\n\t\t\t\t\t<div class=\"elementor-toggle\">\n\t\t\t\t\t\t\t<div class=\"elementor-toggle-item\">\n\t\t\t\t\t<div id=\"elementor-tab-title-1741\" class=\"elementor-tab-title\" data-tab=\"1\" role=\"button\" aria-controls=\"elementor-tab-content-1741\" aria-expanded=\"false\">\n\t\t\t\t\t\t\t\t\t\t\t\t<span class=\"elementor-toggle-icon elementor-toggle-icon-left\" aria-hidden=\"true\">\n\t\t\t\t\t\t\t\t\t\t\t\t\t\t\t<span class=\"elementor-toggle-icon-closed\"><i class=\"fas fa-caret-right\"><\/i><\/span>\n\t\t\t\t\t\t\t\t<span class=\"elementor-toggle-icon-opened\"><i class=\"elementor-toggle-icon-opened fas fa-caret-up\"><\/i><\/span>\n\t\t\t\t\t\t\t\t\t\t\t\t\t<\/span>\n\t\t\t\t\t\t\t\t\t\t\t\t<a class=\"elementor-toggle-title\" tabindex=\"0\"> Votre domaine de responsabilit\u00e9<\/a>\n\t\t\t\t\t<\/div>\n\n\t\t\t\t\t<div id=\"elementor-tab-content-1741\" class=\"elementor-tab-content elementor-clearfix\" data-tab=\"1\" role=\"region\" aria-labelledby=\"elementor-tab-title-1741\"><div id=\"elementor-tab-content-1501\" class=\"elementor-tab-content elementor-clearfix elementor-active\" role=\"tabpanel\" data-tab=\"1\" aria-labelledby=\"elementor-tab-title-1501\"><ul type=\"disc\"><li>You independently establish contacts with partners and \u201cintermediaries\u201d in the financial and insurance industry, who recommend their clients to us.<\/li><li>You actively and independently take care of the acquisition of new customers, advise and prepare offers.<\/li><li>You support our prospects and customers with regard to the best products for their personal situation.<\/li><li>All in all: you ensure that we leave a great impression with our clients and partners and are perceived as a market leader.<\/li><\/ul><\/div><\/div>\n\t\t\t\t<\/div>\n\t\t\t\t\t\t\t<div class=\"elementor-toggle-item\">\n\t\t\t\t\t<div id=\"elementor-tab-title-1742\" class=\"elementor-tab-title\" data-tab=\"2\" role=\"button\" aria-controls=\"elementor-tab-content-1742\" aria-expanded=\"false\">\n\t\t\t\t\t\t\t\t\t\t\t\t<span class=\"elementor-toggle-icon elementor-toggle-icon-left\" aria-hidden=\"true\">\n\t\t\t\t\t\t\t\t\t\t\t\t\t\t\t<span class=\"elementor-toggle-icon-closed\"><i class=\"fas fa-caret-right\"><\/i><\/span>\n\t\t\t\t\t\t\t\t<span class=\"elementor-toggle-icon-opened\"><i class=\"elementor-toggle-icon-opened fas fa-caret-up\"><\/i><\/span>\n\t\t\t\t\t\t\t\t\t\t\t\t\t<\/span>\n\t\t\t\t\t\t\t\t\t\t\t\t<a class=\"elementor-toggle-title\" tabindex=\"0\">Profil recherch\u00e9<\/a>\n\t\t\t\t\t<\/div>\n\n\t\t\t\t\t<div id=\"elementor-tab-content-1742\" class=\"elementor-tab-content elementor-clearfix\" data-tab=\"2\" role=\"region\" aria-labelledby=\"elementor-tab-title-1742\"><div id=\"elementor-tab-content-1502\" class=\"elementor-tab-content elementor-clearfix elementor-active\" role=\"tabpanel\" data-tab=\"2\" aria-labelledby=\"elementor-tab-title-1502\"><ul type=\"disc\"><li>You bring very good language skills in German + English with professional, stylistically confident expression both orally and in writing, any other languages are a plus.<\/li><li>Your experience in the (ideally international) health insurance sector and \/ or your quick quickness of the mind ensure a fast onboarding.<\/li><li>Certification as an insurance broker according to FINMA regulation is required.<\/li><li>It is a benefit if you already have an existing network in the finance and insurance industry.<\/li><li>You are self-motivated and self-organized. You are also efficient and productive when someone is not constantly watching your back.<\/li><li>Your mentality is \u201chow-do-I-solve-this-problem\u201d instead of \u201cnot-my-task!\u201d<\/li><\/ul><\/div><\/div>\n\t\t\t\t<\/div>\n\t\t\t\t\t\t\t\t<\/div>\n\t\t\t\t<\/div>\n\t\t\t\t<\/div>\n\t\t\t\t\t<\/div>\n\t\t<\/div>\n\t\t\t\t\t<\/div>\n\t\t<\/section>\n\t\t\t\t<section class=\"elementor-section elementor-inner-section elementor-element elementor-element-8059102 elementor-section-boxed elementor-section-height-default elementor-section-height-default\" data-id=\"8059102\" data-element_type=\"section\">\n\t\t\t\t\t\t<div class=\"elementor-container elementor-column-gap-default\">\n\t\t\t\t\t<div class=\"elementor-column elementor-col-50 elementor-inner-column elementor-element elementor-element-b360d19\" data-id=\"b360d19\" data-element_type=\"column\">\n\t\t\t<div class=\"elementor-widget-wrap elementor-element-populated\">\n\t\t\t\t\t\t<div class=\"elementor-element elementor-element-1c34e25 elementor-widget elementor-widget-heading\" data-id=\"1c34e25\" data-element_type=\"widget\" data-widget_type=\"heading.default\">\n\t\t\t\t<div class=\"elementor-widget-container\">\n\t\t\t<h2 class=\"elementor-heading-title elementor-size-default\">Account Manager \u2013 80-100% <br>\nBased in the UK<\/h2>\t\t<\/div>\n\t\t\t\t<\/div>\n\t\t\t\t\t<\/div>\n\t\t<\/div>\n\t\t\t\t<div class=\"elementor-column elementor-col-50 elementor-inner-column elementor-element elementor-element-8fcd404\" data-id=\"8fcd404\" data-element_type=\"column\">\n\t\t\t<div class=\"elementor-widget-wrap elementor-element-populated\">\n\t\t\t\t\t\t<div class=\"elementor-element elementor-element-4e44edb elementor-widget elementor-widget-text-editor\" data-id=\"4e44edb\" data-element_type=\"widget\" data-widget_type=\"text-editor.default\">\n\t\t\t\t<div class=\"elementor-widget-container\">\n\t\t\t\t\t\t\t<div class=\"elementor-element elementor-element-7bb6ebda elementor-widget elementor-widget-text-editor\" data-id=\"7bb6ebda\" data-element_type=\"widget\" data-widget_type=\"text-editor.default\"><div class=\"elementor-widget-container\"><div class=\"elementor-text-editor elementor-clearfix\"><p>For our firm, a globally active, independent Medical Family Office for an affluent international clientele, we are looking for an additional force to support and service our clients.<\/p><p>For over 25 years we have been focusing on international health insurance and health management. You will mainly engage with our clients and partners in the international health insurance space (to learn more about the \u201chealth management\u201d space, do some research on our website).\u00a0Our clients are international and residents all across the globe. Some of our key insurance partners include Cigna, Bupa, Allianz, Now Health, and many others.<br \/><br \/>Optimally, you already have some experience in the field of international health insurance \/ international private medical insurance. Over time, you will take over and become responsible to manage a portfolio of existing clients.<\/p><\/div><\/div><\/div>\t\t\t\t\t\t<\/div>\n\t\t\t\t<\/div>\n\t\t\t\t<div class=\"elementor-element elementor-element-0404b98 elementor-widget elementor-widget-toggle\" data-id=\"0404b98\" data-element_type=\"widget\" data-widget_type=\"toggle.default\">\n\t\t\t\t<div class=\"elementor-widget-container\">\n\t\t\t\t\t<div class=\"elementor-toggle\">\n\t\t\t\t\t\t\t<div class=\"elementor-toggle-item\">\n\t\t\t\t\t<div id=\"elementor-tab-title-4211\" class=\"elementor-tab-title\" data-tab=\"1\" role=\"button\" aria-controls=\"elementor-tab-content-4211\" aria-expanded=\"false\">\n\t\t\t\t\t\t\t\t\t\t\t\t<span class=\"elementor-toggle-icon elementor-toggle-icon-left\" aria-hidden=\"true\">\n\t\t\t\t\t\t\t\t\t\t\t\t\t\t\t<span class=\"elementor-toggle-icon-closed\"><i class=\"fas fa-caret-right\"><\/i><\/span>\n\t\t\t\t\t\t\t\t<span class=\"elementor-toggle-icon-opened\"><i class=\"elementor-toggle-icon-opened fas fa-caret-up\"><\/i><\/span>\n\t\t\t\t\t\t\t\t\t\t\t\t\t<\/span>\n\t\t\t\t\t\t\t\t\t\t\t\t<a class=\"elementor-toggle-title\" tabindex=\"0\"> Votre domaine de responsabilit\u00e9<\/a>\n\t\t\t\t\t<\/div>\n\n\t\t\t\t\t<div id=\"elementor-tab-content-4211\" class=\"elementor-tab-content elementor-clearfix\" data-tab=\"1\" role=\"region\" aria-labelledby=\"elementor-tab-title-4211\"><div id=\"elementor-tab-content-1501\" class=\"elementor-tab-content elementor-clearfix elementor-active\" role=\"tabpanel\" data-tab=\"1\" aria-labelledby=\"elementor-tab-title-1501\"><ul type=\"disc\"><li>You manage the existing customer portfolio and support our customers as a competent and friendly contact person at any time.<\/li><li>You will ensure that the annual policy renewals run smoothly.<\/li><li>You will administrate and manage claims queries of our clients.<\/li><li>All in all: you ensure that we leave a great impression with our clients and partners and are perceived as a market leader.<\/li><\/ul><\/div><\/div>\n\t\t\t\t<\/div>\n\t\t\t\t\t\t\t<div class=\"elementor-toggle-item\">\n\t\t\t\t\t<div id=\"elementor-tab-title-4212\" class=\"elementor-tab-title\" data-tab=\"2\" role=\"button\" aria-controls=\"elementor-tab-content-4212\" aria-expanded=\"false\">\n\t\t\t\t\t\t\t\t\t\t\t\t<span class=\"elementor-toggle-icon elementor-toggle-icon-left\" aria-hidden=\"true\">\n\t\t\t\t\t\t\t\t\t\t\t\t\t\t\t<span class=\"elementor-toggle-icon-closed\"><i class=\"fas fa-caret-right\"><\/i><\/span>\n\t\t\t\t\t\t\t\t<span class=\"elementor-toggle-icon-opened\"><i class=\"elementor-toggle-icon-opened fas fa-caret-up\"><\/i><\/span>\n\t\t\t\t\t\t\t\t\t\t\t\t\t<\/span>\n\t\t\t\t\t\t\t\t\t\t\t\t<a class=\"elementor-toggle-title\" tabindex=\"0\">Profil recherch\u00e9<\/a>\n\t\t\t\t\t<\/div>\n\n\t\t\t\t\t<div id=\"elementor-tab-content-4212\" class=\"elementor-tab-content elementor-clearfix\" data-tab=\"2\" role=\"region\" aria-labelledby=\"elementor-tab-title-4212\"><div id=\"elementor-tab-content-1502\" class=\"elementor-tab-content elementor-clearfix elementor-active\" role=\"tabpanel\" data-tab=\"2\" aria-labelledby=\"elementor-tab-title-1502\"><ul type=\"disc\"><li>You bring very good language skills in English + French with a professional, stylistically confident expression both orally and in writing, any other languages are a plus<\/li><li>Your experience in the (ideally international) health insurance sector will ensure a fast onboarding.<\/li><li>It is a benefit if you already have an existing network in the insurance and insurance brokerage industry.<\/li><li>You are self-motivated and self-organized. You are also efficient and productive when someone is not constantly watching your back. You may work remotely for the largest part of your time.<\/li><li>Your mentality is \u201chow-do-I-solve-this-problem\u201d instead of \u201cnot-my-task!\u201d<\/li><\/ul><\/div><\/div>\n\t\t\t\t<\/div>\n\t\t\t\t\t\t\t\t<\/div>\n\t\t\t\t<\/div>\n\t\t\t\t<\/div>\n\t\t\t\t\t<\/div>\n\t\t<\/div>\n\t\t\t\t\t<\/div>\n\t\t<\/section>\n\t\t\t\t\t<\/div>\n\t\t<\/div>\n\t\t\t\t\t<\/div>\n\t\t<\/section>\n\t\t\t\t<section class=\"elementor-section elementor-top-section elementor-element elementor-element-164240f elementor-section-boxed elementor-section-height-default elementor-section-height-default\" data-id=\"164240f\" data-element_type=\"section\">\n\t\t\t\t\t\t<div class=\"elementor-container elementor-column-gap-default\">\n\t\t\t\t\t<div class=\"elementor-column elementor-col-100 elementor-top-column elementor-element elementor-element-8687005\" data-id=\"8687005\" data-element_type=\"column\">\n\t\t\t<div class=\"elementor-widget-wrap elementor-element-populated\">\n\t\t\t\t\t\t<div class=\"elementor-element elementor-element-504e8e2 elementor-widget elementor-widget-spacer\" data-id=\"504e8e2\" data-element_type=\"widget\" data-widget_type=\"spacer.default\">\n\t\t\t\t<div class=\"elementor-widget-container\">\n\t\t\t\t\t<div class=\"elementor-spacer\">\n\t\t\t<div class=\"elementor-spacer-inner\"><\/div>\n\t\t<\/div>\n\t\t\t\t<\/div>\n\t\t\t\t<\/div>\n\t\t\t\t\t<\/div>\n\t\t<\/div>\n\t\t\t\t\t<\/div>\n\t\t<\/section>\n\t\t\t\t<section class=\"elementor-section elementor-top-section elementor-element elementor-element-59ce21af elementor-section-boxed elementor-section-height-default elementor-section-height-default\" data-id=\"59ce21af\" data-element_type=\"section\">\n\t\t\t\t\t\t<div class=\"elementor-container elementor-column-gap-default\">\n\t\t\t\t\t<div class=\"elementor-column elementor-col-100 elementor-top-column elementor-element elementor-element-518adf90\" data-id=\"518adf90\" data-element_type=\"column\">\n\t\t\t<div class=\"elementor-widget-wrap elementor-element-populated\">\n\t\t\t\t\t\t<div class=\"elementor-element elementor-element-3144d64d elementor-widget elementor-widget-heading\" data-id=\"3144d64d\" data-element_type=\"widget\" id=\"careers-apply\" data-widget_type=\"heading.default\">\n\t\t\t\t<div class=\"elementor-widget-container\">\n\t\t\t<h2 class=\"elementor-heading-title elementor-size-default\">Postulez maintenant<\/h2>\t\t<\/div>\n\t\t\t\t<\/div>\n\t\t\t\t\t<\/div>\n\t\t<\/div>\n\t\t\t\t\t<\/div>\n\t\t<\/section>\n\t\t\t\t<section class=\"elementor-section elementor-top-section elementor-element elementor-element-58da900 elementor-section-boxed elementor-section-height-default elementor-section-height-default\" data-id=\"58da900\" data-element_type=\"section\">\n\t\t\t\t\t\t<div class=\"elementor-container elementor-column-gap-default\">\n\t\t\t\t\t<div class=\"elementor-column elementor-col-100 elementor-top-column elementor-element elementor-element-bedf6c6\" data-id=\"bedf6c6\" data-element_type=\"column\">\n\t\t\t<div class=\"elementor-widget-wrap\">\n\t\t\t\t\t\t\t<\/div>\n\t\t<\/div>\n\t\t\t\t\t<\/div>\n\t\t<\/section>\n\t\t\t\t<\/div>\n\t\t","protected":false},"excerpt":{"rendered":"<p>Carri\u00e8res Depuis plus de 25 ans, nous nous engageons \u00e0 prot\u00e9ger la sant\u00e9 des personnes dans le monde entier. Si vous souhaitez rejoindre une \u00e9quipe de professionnels d\u00e9vou\u00e9s qui ont un impact sur la vie des gens chaque jour, consultez les postes disponibles ci-dessous et contactez-nous. Postes ouverts Account Manager \u2013 80-100% Based in the [&hellip;]<\/p>\n","protected":false},"author":1,"featured_media":0,"parent":0,"menu_order":0,"comment_status":"closed","ping_status":"closed","template":"elementor_header_footer","meta":[],"_links":{"self":[{"href":"https:\/\/www.staging.sip.ch\/fr\/wp-json\/wp\/v2\/pages\/1010493"}],"collection":[{"href":"https:\/\/www.staging.sip.ch\/fr\/wp-json\/wp\/v2\/pages"}],"about":[{"href":"https:\/\/www.staging.sip.ch\/fr\/wp-json\/wp\/v2\/types\/page"}],"author":[{"embeddable":true,"href":"https:\/\/www.staging.sip.ch\/fr\/wp-json\/wp\/v2\/users\/1"}],"replies":[{"embeddable":true,"href":"https:\/\/www.staging.sip.ch\/fr\/wp-json\/wp\/v2\/comments?post=1010493"}],"version-history":[{"count":47,"href":"https:\/\/www.staging.sip.ch\/fr\/wp-json\/wp\/v2\/pages\/1010493\/revisions"}],"predecessor-version":[{"id":6022580,"href":"https:\/\/www.staging.sip.ch\/fr\/wp-json\/wp\/v2\/pages\/1010493\/revisions\/6022580"}],"wp:attachment":[{"href":"https:\/\/www.staging.sip.ch\/fr\/wp-json\/wp\/v2\/media?parent=1010493"}],"curies":[{"name":"wp","href":"https:\/\/api.w.org\/{rel}","templated":true}]}}