{"id":7408,"date":"2020-05-13T10:10:03","date_gmt":"2020-05-13T08:10:03","guid":{"rendered":"https:\/\/www.staging.sip.ch\/mission-vision\/"},"modified":"2024-07-31T09:58:47","modified_gmt":"2024-07-31T07:58:47","slug":"mission-vision","status":"publish","type":"page","link":"https:\/\/www.staging.sip.ch\/de\/mission-vision\/","title":{"rendered":"Mission und Vision"},"content":{"rendered":"\t\t<div data-elementor-type=\"wp-page\" data-elementor-id=\"7408\" class=\"elementor elementor-7408\">\n\t\t\t\t\t\t<section class=\"elementor-section elementor-top-section elementor-element elementor-element-c544862 elementor-section-boxed elementor-section-height-default elementor-section-height-default\" data-id=\"c544862\" data-element_type=\"section\">\n\t\t\t\t\t\t<div class=\"elementor-container elementor-column-gap-default\">\n\t\t\t\t\t<div class=\"elementor-column elementor-col-100 elementor-top-column elementor-element elementor-element-bf07118\" data-id=\"bf07118\" data-element_type=\"column\">\n\t\t\t<div class=\"elementor-widget-wrap elementor-element-populated\">\n\t\t\t\t\t\t<div class=\"elementor-element elementor-element-e2f2f94 elementor-widget elementor-widget-heading\" data-id=\"e2f2f94\" data-element_type=\"widget\" data-widget_type=\"heading.default\">\n\t\t\t\t<div class=\"elementor-widget-container\">\n\t\t\t<h1 class=\"elementor-heading-title elementor-size-default\">Mission und Vision<\/h1>\t\t<\/div>\n\t\t\t\t<\/div>\n\t\t\t\t\t<\/div>\n\t\t<\/div>\n\t\t\t\t\t<\/div>\n\t\t<\/section>\n\t\t\t\t<section class=\"elementor-section elementor-top-section elementor-element elementor-element-f27b1fd elementor-section-boxed elementor-section-height-default elementor-section-height-default\" data-id=\"f27b1fd\" data-element_type=\"section\">\n\t\t\t\t\t\t<div class=\"elementor-container elementor-column-gap-default\">\n\t\t\t\t\t<div class=\"elementor-column elementor-col-100 elementor-top-column elementor-element elementor-element-29ab6fe\" data-id=\"29ab6fe\" data-element_type=\"column\">\n\t\t\t<div class=\"elementor-widget-wrap elementor-element-populated\">\n\t\t\t\t\t\t<div class=\"elementor-element elementor-element-10f500f elementor-widget elementor-widget-image\" data-id=\"10f500f\" data-element_type=\"widget\" data-widget_type=\"image.default\">\n\t\t\t\t<div class=\"elementor-widget-container\">\n\t\t\t\t\t\t\t\t\t\t\t\t\t<img fetchpriority=\"high\" decoding=\"async\" width=\"1110\" height=\"441\" src=\"https:\/\/www.staging.sip.ch\/wp-content\/uploads\/2024\/07\/mission.webp\" class=\"attachment-full size-full wp-image-6020808\" alt=\"\" srcset=\"https:\/\/www.staging.sip.ch\/wp-content\/uploads\/2024\/07\/mission.webp 1110w, https:\/\/www.staging.sip.ch\/wp-content\/uploads\/2024\/07\/mission-300x119.webp 300w, https:\/\/www.staging.sip.ch\/wp-content\/uploads\/2024\/07\/mission-1024x407.webp 1024w, https:\/\/www.staging.sip.ch\/wp-content\/uploads\/2024\/07\/mission-768x305.webp 768w\" sizes=\"(max-width: 1110px) 100vw, 1110px\" \/>\t\t\t\t\t\t\t\t\t\t\t\t\t<\/div>\n\t\t\t\t<\/div>\n\t\t\t\t\t<\/div>\n\t\t<\/div>\n\t\t\t\t\t<\/div>\n\t\t<\/section>\n\t\t\t\t<section class=\"elementor-section elementor-top-section elementor-element elementor-element-1fc42ce2 elementor-section-content-middle elementor-section-boxed elementor-section-height-default elementor-section-height-default\" data-id=\"1fc42ce2\" data-element_type=\"section\">\n\t\t\t\t\t\t<div class=\"elementor-container elementor-column-gap-no\">\n\t\t\t\t\t<div class=\"elementor-column elementor-col-50 elementor-top-column elementor-element elementor-element-77d10647\" data-id=\"77d10647\" data-element_type=\"column\">\n\t\t\t<div class=\"elementor-widget-wrap elementor-element-populated\">\n\t\t\t\t\t\t<div class=\"elementor-element elementor-element-2dd5ba6 elementor-widget elementor-widget-heading\" data-id=\"2dd5ba6\" data-element_type=\"widget\" data-widget_type=\"heading.default\">\n\t\t\t\t<div class=\"elementor-widget-container\">\n\t\t\t<h2 class=\"elementor-heading-title elementor-size-default\">Im Schutz Ihrer Gesundheit. <br> Seit 1997.<\/h2>\t\t<\/div>\n\t\t\t\t<\/div>\n\t\t\t\t\t<\/div>\n\t\t<\/div>\n\t\t\t\t<div class=\"elementor-column elementor-col-50 elementor-top-column elementor-element elementor-element-f63acd4\" data-id=\"f63acd4\" data-element_type=\"column\">\n\t\t\t<div class=\"elementor-widget-wrap elementor-element-populated\">\n\t\t\t\t\t\t<div class=\"elementor-element elementor-element-2fa7370b elementor-vertical-align-top elementor-widget elementor-widget-icon-box\" data-id=\"2fa7370b\" data-element_type=\"widget\" data-widget_type=\"icon-box.default\">\n\t\t\t\t<div class=\"elementor-widget-container\">\n\t\t\t\t\t<div class=\"elementor-icon-box-wrapper\">\n\n\t\t\t\n\t\t\t\t\t\t<div class=\"elementor-icon-box-content\">\n\n\t\t\t\t\t\t\t\t\t<h3 class=\"elementor-icon-box-title\">\n\t\t\t\t\t\t<span  >\n\t\t\t\t\t\t\tUnsere Mission\t\t\t\t\t\t<\/span>\n\t\t\t\t\t<\/h3>\n\t\t\t\t\n\t\t\t\t\t\t\t\t\t<p class=\"elementor-icon-box-description\">\n\t\t\t\t\t\tDas SIP Medical Family Office wurde 1997 gegr\u00fcndet und setzt sich f\u00fcr den Schutz Ihres wirklichen Verm\u00f6gens ein: Ihre Gesundheit. Alles woran wir arbeiten zielt darauf ab, das Leben f\u00fcr unsere Mitmenschen ges\u00fcnder und angenehmer zu machen.\t\t\t\t\t<\/p>\n\t\t\t\t\n\t\t\t<\/div>\n\t\t\t\n\t\t<\/div>\n\t\t\t\t<\/div>\n\t\t\t\t<\/div>\n\t\t\t\t<div class=\"elementor-element elementor-element-5eb23849 elementor-vertical-align-top elementor-widget elementor-widget-icon-box\" data-id=\"5eb23849\" data-element_type=\"widget\" data-widget_type=\"icon-box.default\">\n\t\t\t\t<div class=\"elementor-widget-container\">\n\t\t\t\t\t<div class=\"elementor-icon-box-wrapper\">\n\n\t\t\t\n\t\t\t\t\t\t<div class=\"elementor-icon-box-content\">\n\n\t\t\t\t\t\t\t\t\t<h3 class=\"elementor-icon-box-title\">\n\t\t\t\t\t\t<span  >\n\t\t\t\t\t\t\tUnsere Vision\t\t\t\t\t\t<\/span>\n\t\t\t\t\t<\/h3>\n\t\t\t\t\n\t\t\t\t\t\t\t\t\t<p class=\"elementor-icon-box-description\">\n\t\t\t\t\t\tWir setzen uns f\u00fcr eine Welt ein, in der jeder ein gesundes Leben f\u00fchren kann, unabh\u00e4ngig davon wo jemand geboren wurde. Wir helfen den Menschen, ihre Lebensqualit\u00e4t zu verbessern und ihre Gesundheit bestm\u00f6glich zu managen. Unser Ziel ist es, ein gesundes und nachhaltiges Leben f\u00fcr Jedermann zu erm\u00f6glichen.\t\t\t\t\t<\/p>\n\t\t\t\t\n\t\t\t<\/div>\n\t\t\t\n\t\t<\/div>\n\t\t\t\t<\/div>\n\t\t\t\t<\/div>\n\t\t\t\t<div class=\"elementor-element elementor-element-6cdd3ecb elementor-vertical-align-top elementor-widget elementor-widget-icon-box\" data-id=\"6cdd3ecb\" data-element_type=\"widget\" data-widget_type=\"icon-box.default\">\n\t\t\t\t<div class=\"elementor-widget-container\">\n\t\t\t\t\t<div class=\"elementor-icon-box-wrapper\">\n\n\t\t\t\n\t\t\t\t\t\t<div class=\"elementor-icon-box-content\">\n\n\t\t\t\t\t\t\t\t\t<h3 class=\"elementor-icon-box-title\">\n\t\t\t\t\t\t<span  >\n\t\t\t\t\t\t\tUnsere Prinzipien\t\t\t\t\t\t<\/span>\n\t\t\t\t\t<\/h3>\n\t\t\t\t\n\t\t\t\t\t\t\t\t\t<p class=\"elementor-icon-box-description\">\n\t\t\t\t\t\tUm sicherzustellen, dass wir die hohen Erwartungen unserer Kunden und uns selbst erf\u00fcllen, lassen wir uns von drei Prinzipien leiten:<br>\n\u2022 All unser Handeln basiert auf Ehrlichkeit, Integrit\u00e4t und h\u00f6chsten ethischen Standards\n<br>\u2022 Durch kompromisslose Professionalit\u00e4t finden wir immer die besten L\u00f6sungen und verpflichten uns, alles in unserer Macht stehende zu tun, um anderen zu helfen.<br>\n\u2022 Unser oberstes Ziel ist, die Gesundheit und das Wohlbefinden unserer Kunden zu unterst\u00fctzen. \t\t\t\t\t<\/p>\n\t\t\t\t\n\t\t\t<\/div>\n\t\t\t\n\t\t<\/div>\n\t\t\t\t<\/div>\n\t\t\t\t<\/div>\n\t\t\t\t\t<\/div>\n\t\t<\/div>\n\t\t\t\t\t<\/div>\n\t\t<\/section>\n\t\t\t\t<section class=\"elementor-section elementor-top-section elementor-element elementor-element-de84581 elementor-section-boxed elementor-section-height-default elementor-section-height-default\" data-id=\"de84581\" data-element_type=\"section\">\n\t\t\t\t\t\t<div class=\"elementor-container elementor-column-gap-default\">\n\t\t\t\t\t<div class=\"elementor-column elementor-col-100 elementor-top-column elementor-element elementor-element-297d056\" data-id=\"297d056\" data-element_type=\"column\">\n\t\t\t<div class=\"elementor-widget-wrap\">\n\t\t\t\t\t\t\t<\/div>\n\t\t<\/div>\n\t\t\t\t\t<\/div>\n\t\t<\/section>\n\t\t\t\t<\/div>\n\t\t","protected":false},"excerpt":{"rendered":"<p>Mission und Vision Im Schutz Ihrer Gesundheit. Seit 1997. Unsere Mission Das SIP Medical Family Office wurde 1997 gegr\u00fcndet und setzt sich f\u00fcr den Schutz Ihres wirklichen Verm\u00f6gens ein: Ihre Gesundheit. Alles woran wir arbeiten zielt darauf ab, das Leben f\u00fcr unsere Mitmenschen ges\u00fcnder und angenehmer zu machen. Unsere Vision Wir setzen uns f\u00fcr eine [&hellip;]<\/p>\n","protected":false},"author":1,"featured_media":0,"parent":0,"menu_order":0,"comment_status":"closed","ping_status":"closed","template":"elementor_header_footer","meta":[],"_links":{"self":[{"href":"https:\/\/www.staging.sip.ch\/de\/wp-json\/wp\/v2\/pages\/7408"}],"collection":[{"href":"https:\/\/www.staging.sip.ch\/de\/wp-json\/wp\/v2\/pages"}],"about":[{"href":"https:\/\/www.staging.sip.ch\/de\/wp-json\/wp\/v2\/types\/page"}],"author":[{"embeddable":true,"href":"https:\/\/www.staging.sip.ch\/de\/wp-json\/wp\/v2\/users\/1"}],"replies":[{"embeddable":true,"href":"https:\/\/www.staging.sip.ch\/de\/wp-json\/wp\/v2\/comments?post=7408"}],"version-history":[{"count":23,"href":"https:\/\/www.staging.sip.ch\/de\/wp-json\/wp\/v2\/pages\/7408\/revisions"}],"predecessor-version":[{"id":6020914,"href":"https:\/\/www.staging.sip.ch\/de\/wp-json\/wp\/v2\/pages\/7408\/revisions\/6020914"}],"wp:attachment":[{"href":"https:\/\/www.staging.sip.ch\/de\/wp-json\/wp\/v2\/media?parent=7408"}],"curies":[{"name":"wp","href":"https:\/\/api.w.org\/{rel}","templated":true}]}}