{"id":7387,"date":"2020-05-13T09:59:51","date_gmt":"2020-05-13T07:59:51","guid":{"rendered":"https:\/\/www.staging.sip.ch\/presse-medien\/"},"modified":"2024-09-27T06:45:55","modified_gmt":"2024-09-27T04:45:55","slug":"presse-medien","status":"publish","type":"page","link":"https:\/\/www.staging.sip.ch\/de\/presse-medien\/","title":{"rendered":"Presse und Medien"},"content":{"rendered":"\t\t<div data-elementor-type=\"wp-page\" data-elementor-id=\"7387\" class=\"elementor elementor-7387\">\n\t\t\t\t\t\t<section class=\"elementor-section elementor-top-section elementor-element elementor-element-58a7123 elementor-section-boxed elementor-section-height-default elementor-section-height-default\" data-id=\"58a7123\" data-element_type=\"section\">\n\t\t\t\t\t\t<div class=\"elementor-container elementor-column-gap-default\">\n\t\t\t\t\t<div class=\"elementor-column elementor-col-100 elementor-top-column elementor-element elementor-element-8369846\" data-id=\"8369846\" data-element_type=\"column\">\n\t\t\t<div class=\"elementor-widget-wrap elementor-element-populated\">\n\t\t\t\t\t\t<div class=\"elementor-element elementor-element-2662932 elementor-widget elementor-widget-spacer\" data-id=\"2662932\" data-element_type=\"widget\" data-widget_type=\"spacer.default\">\n\t\t\t\t<div class=\"elementor-widget-container\">\n\t\t\t\t\t<div class=\"elementor-spacer\">\n\t\t\t<div class=\"elementor-spacer-inner\"><\/div>\n\t\t<\/div>\n\t\t\t\t<\/div>\n\t\t\t\t<\/div>\n\t\t\t\t<div class=\"elementor-element elementor-element-8cbd554 elementor-widget elementor-widget-heading\" data-id=\"8cbd554\" data-element_type=\"widget\" data-widget_type=\"heading.default\">\n\t\t\t\t<div class=\"elementor-widget-container\">\n\t\t\t<h1 class=\"elementor-heading-title elementor-size-default\">Presse und Medien<\/h1>\t\t<\/div>\n\t\t\t\t<\/div>\n\t\t\t\t\t<\/div>\n\t\t<\/div>\n\t\t\t\t\t<\/div>\n\t\t<\/section>\n\t\t\t\t<section class=\"elementor-section elementor-top-section elementor-element elementor-element-f87659a elementor-section-boxed elementor-section-height-default elementor-section-height-default\" data-id=\"f87659a\" data-element_type=\"section\">\n\t\t\t\t\t\t<div class=\"elementor-container elementor-column-gap-default\">\n\t\t\t\t\t<div class=\"elementor-column elementor-col-100 elementor-top-column elementor-element elementor-element-4b95639\" data-id=\"4b95639\" data-element_type=\"column\">\n\t\t\t<div class=\"elementor-widget-wrap elementor-element-populated\">\n\t\t\t\t\t\t<div class=\"elementor-element elementor-element-a3b68ee elementor-widget elementor-widget-image\" data-id=\"a3b68ee\" data-element_type=\"widget\" data-widget_type=\"image.default\">\n\t\t\t\t<div class=\"elementor-widget-container\">\n\t\t\t\t\t\t\t\t\t\t\t\t\t<img fetchpriority=\"high\" decoding=\"async\" width=\"1110\" height=\"441\" src=\"https:\/\/www.staging.sip.ch\/wp-content\/uploads\/2020\/05\/press-media.jpg\" class=\"attachment-full size-full wp-image-5966\" alt=\"\" srcset=\"https:\/\/www.staging.sip.ch\/wp-content\/uploads\/2020\/05\/press-media.jpg 1110w, https:\/\/www.staging.sip.ch\/wp-content\/uploads\/2020\/05\/press-media-300x119.jpg 300w, https:\/\/www.staging.sip.ch\/wp-content\/uploads\/2020\/05\/press-media-1024x407.jpg 1024w, https:\/\/www.staging.sip.ch\/wp-content\/uploads\/2020\/05\/press-media-768x305.jpg 768w\" sizes=\"(max-width: 1110px) 100vw, 1110px\" \/>\t\t\t\t\t\t\t\t\t\t\t\t\t<\/div>\n\t\t\t\t<\/div>\n\t\t\t\t\t<\/div>\n\t\t<\/div>\n\t\t\t\t\t<\/div>\n\t\t<\/section>\n\t\t\t\t<section class=\"elementor-section elementor-top-section elementor-element elementor-element-8706d8a elementor-section-boxed elementor-section-height-default elementor-section-height-default\" data-id=\"8706d8a\" data-element_type=\"section\">\n\t\t\t\t\t\t<div class=\"elementor-container elementor-column-gap-default\">\n\t\t\t\t\t<div class=\"elementor-column elementor-col-100 elementor-top-column elementor-element elementor-element-208a412\" data-id=\"208a412\" data-element_type=\"column\">\n\t\t\t<div class=\"elementor-widget-wrap elementor-element-populated\">\n\t\t\t\t\t\t<div class=\"elementor-element elementor-element-cbc23c5 elementor-widget elementor-widget-text-editor\" data-id=\"cbc23c5\" data-element_type=\"widget\" data-widget_type=\"text-editor.default\">\n\t\t\t\t<div class=\"elementor-widget-container\">\n\t\t\t\t\t\t\t<p>Hier finden Sie unsere neuesten Pressemitteilungen, digitalen Medien, Online-Artikel und allgemeine Informationen f\u00fcr Journalisten. Interessierte Pressevertreter und Journalisten k\u00f6nnen sich gerne an uns wenden, um Termine f\u00fcr Interviews und andere Pressebeitr\u00e4ge zu vereinbaren.<\/p>\t\t\t\t\t\t<\/div>\n\t\t\t\t<\/div>\n\t\t\t\t<div class=\"elementor-element elementor-element-b9e6cb8 elementor-widget elementor-widget-spacer\" data-id=\"b9e6cb8\" data-element_type=\"widget\" data-widget_type=\"spacer.default\">\n\t\t\t\t<div class=\"elementor-widget-container\">\n\t\t\t\t\t<div class=\"elementor-spacer\">\n\t\t\t<div class=\"elementor-spacer-inner\"><\/div>\n\t\t<\/div>\n\t\t\t\t<\/div>\n\t\t\t\t<\/div>\n\t\t\t\t\t<\/div>\n\t\t<\/div>\n\t\t\t\t\t<\/div>\n\t\t<\/section>\n\t\t\t\t<section class=\"elementor-section elementor-top-section elementor-element elementor-element-2388e3a elementor-section-boxed elementor-section-height-default elementor-section-height-default\" data-id=\"2388e3a\" data-element_type=\"section\">\n\t\t\t\t\t\t<div class=\"elementor-container elementor-column-gap-default\">\n\t\t\t\t\t<div class=\"elementor-column elementor-col-100 elementor-top-column elementor-element elementor-element-0e49f7c\" data-id=\"0e49f7c\" data-element_type=\"column\">\n\t\t\t<div class=\"elementor-widget-wrap elementor-element-populated\">\n\t\t\t\t\t\t<div class=\"elementor-element elementor-element-69ef708 elementor-widget elementor-widget-heading\" data-id=\"69ef708\" data-element_type=\"widget\" data-widget_type=\"heading.default\">\n\t\t\t\t<div class=\"elementor-widget-container\">\n\t\t\t<h2 class=\"elementor-heading-title elementor-size-default\">Downloads und Artikel<\/h2>\t\t<\/div>\n\t\t\t\t<\/div>\n\t\t\t\t\t<\/div>\n\t\t<\/div>\n\t\t\t\t\t<\/div>\n\t\t<\/section>\n\t\t\t\t<section class=\"elementor-section elementor-top-section elementor-element elementor-element-1f24db1 elementor-section-boxed elementor-section-height-default elementor-section-height-default\" data-id=\"1f24db1\" data-element_type=\"section\">\n\t\t\t\t\t\t<div class=\"elementor-container elementor-column-gap-default\">\n\t\t\t\t\t<div class=\"elementor-column elementor-col-100 elementor-top-column elementor-element elementor-element-7c339cd\" data-id=\"7c339cd\" data-element_type=\"column\">\n\t\t\t<div class=\"elementor-widget-wrap\">\n\t\t\t\t\t\t\t<\/div>\n\t\t<\/div>\n\t\t\t\t\t<\/div>\n\t\t<\/section>\n\t\t\t\t<section class=\"elementor-section elementor-top-section elementor-element elementor-element-032d700 elementor-section-boxed elementor-section-height-default elementor-section-height-default\" data-id=\"032d700\" data-element_type=\"section\">\n\t\t\t\t\t\t<div class=\"elementor-container elementor-column-gap-default\">\n\t\t\t\t\t<div class=\"elementor-column elementor-col-100 elementor-top-column elementor-element elementor-element-eaedcdf\" data-id=\"eaedcdf\" data-element_type=\"column\">\n\t\t\t<div class=\"elementor-widget-wrap elementor-element-populated\">\n\t\t\t\t\t\t<div class=\"elementor-element elementor-element-f4e7803 elementor-widget elementor-widget-spacer\" data-id=\"f4e7803\" data-element_type=\"widget\" data-widget_type=\"spacer.default\">\n\t\t\t\t<div class=\"elementor-widget-container\">\n\t\t\t\t\t<div class=\"elementor-spacer\">\n\t\t\t<div class=\"elementor-spacer-inner\"><\/div>\n\t\t<\/div>\n\t\t\t\t<\/div>\n\t\t\t\t<\/div>\n\t\t\t\t\t<\/div>\n\t\t<\/div>\n\t\t\t\t\t<\/div>\n\t\t<\/section>\n\t\t\t\t<section class=\"elementor-section elementor-top-section elementor-element elementor-element-446f0e79 elementor-section-boxed elementor-section-height-default elementor-section-height-default\" data-id=\"446f0e79\" data-element_type=\"section\">\n\t\t\t\t\t\t<div class=\"elementor-container elementor-column-gap-default\">\n\t\t\t\t\t<div class=\"elementor-column elementor-col-50 elementor-top-column elementor-element elementor-element-4111834a\" data-id=\"4111834a\" data-element_type=\"column\">\n\t\t\t<div class=\"elementor-widget-wrap elementor-element-populated\">\n\t\t\t\t\t\t<div class=\"elementor-element elementor-element-38fdfab elementor-widget elementor-widget-spacer\" data-id=\"38fdfab\" data-element_type=\"widget\" data-widget_type=\"spacer.default\">\n\t\t\t\t<div class=\"elementor-widget-container\">\n\t\t\t\t\t<div class=\"elementor-spacer\">\n\t\t\t<div class=\"elementor-spacer-inner\"><\/div>\n\t\t<\/div>\n\t\t\t\t<\/div>\n\t\t\t\t<\/div>\n\t\t\t\t<div class=\"elementor-element elementor-element-56a18458 elementor-widget elementor-widget-heading\" data-id=\"56a18458\" data-element_type=\"widget\" data-widget_type=\"heading.default\">\n\t\t\t\t<div class=\"elementor-widget-container\">\n\t\t\t<h2 class=\"elementor-heading-title elementor-size-default\">Beratung erhalten<\/h2>\t\t<\/div>\n\t\t\t\t<\/div>\n\t\t\t\t<div class=\"elementor-element elementor-element-6deeb6cd elementor-widget elementor-widget-text-editor\" data-id=\"6deeb6cd\" data-element_type=\"widget\" data-widget_type=\"text-editor.default\">\n\t\t\t\t<div class=\"elementor-widget-container\">\n\t\t\t\t\t\t\t<div class=\"elementor-element elementor-element-9fb88be elementor-widget elementor-widget-text-editor\" data-id=\"9fb88be\" data-element_type=\"widget\" data-widget_type=\"text-editor.default\"><div class=\"elementor-widget-container\"><p>Wir organisieren regelm\u00e4ssig Events und Konferenzen, zu denen ausgew\u00e4hlte Journalisten eingeladen werden, um sich \u00fcber Entwicklungen in der Branche zu informieren. Dar\u00fcber hinaus ver\u00f6ffentlichen wir gemeinsam mit f\u00fchrenden Zeitungen und Magazinen Fachartikel und Beitr\u00e4ge. Wenn Sie Fragen haben, k\u00f6nnen Sie uns gerne Ihre Kontaktdaten hinterlassen. Wir werden uns in K\u00fcrze mit Ihnen in Verbindung setzen.<\/p><\/div><\/div>\t\t\t\t\t\t<\/div>\n\t\t\t\t<\/div>\n\t\t\t\t<div class=\"elementor-element elementor-element-a20109b elementor-widget elementor-widget-button\" data-id=\"a20109b\" data-element_type=\"widget\" data-widget_type=\"button.default\">\n\t\t\t\t<div class=\"elementor-widget-container\">\n\t\t\t\t\t<div class=\"elementor-button-wrapper\">\n\t\t\t<a class=\"elementor-button elementor-size-sm\" role=\"button\">\n\t\t\t\t\t\t<span class=\"elementor-button-content-wrapper\">\n\t\t\t\t\t\t\t\t\t<span class=\"elementor-button-text\">Jetzt anfragen<\/span>\n\t\t\t\t\t<\/span>\n\t\t\t\t\t<\/a>\n\t\t<\/div>\n\t\t\t\t<\/div>\n\t\t\t\t<\/div>\n\t\t\t\t\t<\/div>\n\t\t<\/div>\n\t\t\t\t<div class=\"elementor-column elementor-col-50 elementor-top-column elementor-element elementor-element-4c2a7564\" data-id=\"4c2a7564\" data-element_type=\"column\">\n\t\t\t<div class=\"elementor-widget-wrap elementor-element-populated\">\n\t\t\t\t\t\t<div class=\"elementor-element elementor-element-7ab6407d elementor-widget elementor-widget-image\" data-id=\"7ab6407d\" data-element_type=\"widget\" data-widget_type=\"image.default\">\n\t\t\t\t<div class=\"elementor-widget-container\">\n\t\t\t\t\t\t\t\t\t\t\t\t\t<img decoding=\"async\" width=\"675\" height=\"450\" src=\"https:\/\/www.staging.sip.ch\/wp-content\/uploads\/2020\/04\/Contact-us-3.jpg\" class=\"attachment-full size-full wp-image-6021615\" alt=\"\" srcset=\"https:\/\/www.staging.sip.ch\/wp-content\/uploads\/2020\/04\/Contact-us-3.jpg 675w, https:\/\/www.staging.sip.ch\/wp-content\/uploads\/2020\/04\/Contact-us-3-300x200.jpg 300w\" sizes=\"(max-width: 675px) 100vw, 675px\" \/>\t\t\t\t\t\t\t\t\t\t\t\t\t<\/div>\n\t\t\t\t<\/div>\n\t\t\t\t\t<\/div>\n\t\t<\/div>\n\t\t\t\t\t<\/div>\n\t\t<\/section>\n\t\t\t\t<section class=\"elementor-section elementor-top-section elementor-element elementor-element-6d2775e elementor-section-boxed elementor-section-height-default elementor-section-height-default\" data-id=\"6d2775e\" data-element_type=\"section\">\n\t\t\t\t\t\t<div class=\"elementor-container elementor-column-gap-default\">\n\t\t\t\t\t<div class=\"elementor-column elementor-col-100 elementor-top-column elementor-element elementor-element-b01c7ab\" data-id=\"b01c7ab\" data-element_type=\"column\">\n\t\t\t<div class=\"elementor-widget-wrap elementor-element-populated\">\n\t\t\t\t\t\t<div class=\"elementor-element elementor-element-61bafe9 elementor-widget elementor-widget-spacer\" data-id=\"61bafe9\" data-element_type=\"widget\" data-widget_type=\"spacer.default\">\n\t\t\t\t<div class=\"elementor-widget-container\">\n\t\t\t\t\t<div class=\"elementor-spacer\">\n\t\t\t<div class=\"elementor-spacer-inner\"><\/div>\n\t\t<\/div>\n\t\t\t\t<\/div>\n\t\t\t\t<\/div>\n\t\t\t\t\t<\/div>\n\t\t<\/div>\n\t\t\t\t\t<\/div>\n\t\t<\/section>\n\t\t\t\t<section class=\"elementor-section elementor-top-section elementor-element elementor-element-7735991 elementor-section-boxed elementor-section-height-default elementor-section-height-default\" data-id=\"7735991\" data-element_type=\"section\">\n\t\t\t\t\t\t<div class=\"elementor-container elementor-column-gap-default\">\n\t\t\t\t\t<div class=\"elementor-column elementor-col-100 elementor-top-column elementor-element elementor-element-7e1045e\" data-id=\"7e1045e\" data-element_type=\"column\">\n\t\t\t<div class=\"elementor-widget-wrap\">\n\t\t\t\t\t\t\t<\/div>\n\t\t<\/div>\n\t\t\t\t\t<\/div>\n\t\t<\/section>\n\t\t\t\t<\/div>\n\t\t","protected":false},"excerpt":{"rendered":"<p>Presse und Medien Hier finden Sie unsere neuesten Pressemitteilungen, digitalen Medien, Online-Artikel und allgemeine Informationen f\u00fcr Journalisten. Interessierte Pressevertreter und Journalisten k\u00f6nnen sich gerne an uns wenden, um Termine f\u00fcr Interviews und andere Pressebeitr\u00e4ge zu vereinbaren. Downloads und Artikel Beratung erhalten Wir organisieren regelm\u00e4ssig Events und Konferenzen, zu denen ausgew\u00e4hlte Journalisten eingeladen werden, um sich [&hellip;]<\/p>\n","protected":false},"author":1,"featured_media":0,"parent":0,"menu_order":0,"comment_status":"closed","ping_status":"closed","template":"elementor_header_footer","meta":[],"_links":{"self":[{"href":"https:\/\/www.staging.sip.ch\/de\/wp-json\/wp\/v2\/pages\/7387"}],"collection":[{"href":"https:\/\/www.staging.sip.ch\/de\/wp-json\/wp\/v2\/pages"}],"about":[{"href":"https:\/\/www.staging.sip.ch\/de\/wp-json\/wp\/v2\/types\/page"}],"author":[{"embeddable":true,"href":"https:\/\/www.staging.sip.ch\/de\/wp-json\/wp\/v2\/users\/1"}],"replies":[{"embeddable":true,"href":"https:\/\/www.staging.sip.ch\/de\/wp-json\/wp\/v2\/comments?post=7387"}],"version-history":[{"count":23,"href":"https:\/\/www.staging.sip.ch\/de\/wp-json\/wp\/v2\/pages\/7387\/revisions"}],"predecessor-version":[{"id":6022185,"href":"https:\/\/www.staging.sip.ch\/de\/wp-json\/wp\/v2\/pages\/7387\/revisions\/6022185"}],"wp:attachment":[{"href":"https:\/\/www.staging.sip.ch\/de\/wp-json\/wp\/v2\/media?parent=7387"}],"curies":[{"name":"wp","href":"https:\/\/api.w.org\/{rel}","templated":true}]}}