{"id":7378,"date":"2020-05-13T09:57:05","date_gmt":"2020-05-13T07:57:05","guid":{"rendered":"https:\/\/www.staging.sip.ch\/ueber\/"},"modified":"2024-10-15T01:24:48","modified_gmt":"2024-10-14T23:24:48","slug":"ueber","status":"publish","type":"page","link":"https:\/\/www.staging.sip.ch\/de\/ueber\/","title":{"rendered":"\u00dcber uns"},"content":{"rendered":"\t\t<div data-elementor-type=\"wp-page\" data-elementor-id=\"7378\" class=\"elementor elementor-7378\">\n\t\t\t\t\t\t<section class=\"elementor-section elementor-top-section elementor-element elementor-element-e133326 elementor-section-boxed elementor-section-height-default elementor-section-height-default\" data-id=\"e133326\" data-element_type=\"section\">\n\t\t\t\t\t\t<div class=\"elementor-container elementor-column-gap-default\">\n\t\t\t\t\t<div class=\"elementor-column elementor-col-100 elementor-top-column elementor-element elementor-element-cefd7a3\" data-id=\"cefd7a3\" data-element_type=\"column\">\n\t\t\t<div class=\"elementor-widget-wrap elementor-element-populated\">\n\t\t\t\t\t\t<div class=\"elementor-element elementor-element-1300d6e elementor-widget elementor-widget-heading\" data-id=\"1300d6e\" data-element_type=\"widget\" data-widget_type=\"heading.default\">\n\t\t\t\t<div class=\"elementor-widget-container\">\n\t\t\t<h1 class=\"elementor-heading-title elementor-size-default\">\u00dcber das SIP Medical Family Office<\/h1>\t\t<\/div>\n\t\t\t\t<\/div>\n\t\t\t\t\t<\/div>\n\t\t<\/div>\n\t\t\t\t\t<\/div>\n\t\t<\/section>\n\t\t\t\t<section class=\"elementor-section elementor-top-section elementor-element elementor-element-546220c elementor-section-boxed elementor-section-height-default elementor-section-height-default\" data-id=\"546220c\" data-element_type=\"section\">\n\t\t\t\t\t\t<div class=\"elementor-container elementor-column-gap-default\">\n\t\t\t\t\t<div class=\"elementor-column elementor-col-100 elementor-top-column elementor-element elementor-element-d238f05\" data-id=\"d238f05\" data-element_type=\"column\">\n\t\t\t<div class=\"elementor-widget-wrap elementor-element-populated\">\n\t\t\t\t\t\t<section class=\"elementor-section elementor-inner-section elementor-element elementor-element-379dffd elementor-section-boxed elementor-section-height-default elementor-section-height-default\" data-id=\"379dffd\" data-element_type=\"section\">\n\t\t\t\t\t\t<div class=\"elementor-container elementor-column-gap-default\">\n\t\t\t\t\t<div class=\"elementor-column elementor-col-100 elementor-inner-column elementor-element elementor-element-c34cd9e\" data-id=\"c34cd9e\" data-element_type=\"column\">\n\t\t\t<div class=\"elementor-widget-wrap elementor-element-populated\">\n\t\t\t\t\t\t<div class=\"elementor-element elementor-element-c942cdb elementor-widget elementor-widget-text-editor\" data-id=\"c942cdb\" data-element_type=\"widget\" data-widget_type=\"text-editor.default\">\n\t\t\t\t<div class=\"elementor-widget-container\">\n\t\t\t\t\t\t\t<p class=\"MsoNormal\"><span lang=\"EN-GB\">Das SIP Medical Family Office<sup>\u00ae<\/sup> wurde 1997 gegr\u00fcndet und setzt sich f\u00fcr den Schutz Ihres wirklichen Verm\u00f6gens ein: Ihre Gesundheit<\/span><span lang=\"EN-US\">. <\/span><\/p><p class=\"MsoNormal\"><span lang=\"EN-US\">Wir sind einer der weltweit f\u00fchrenden unabh\u00e4ngigen Berater f\u00fcr internationale Krankenversicherung und Gesundheitsmanagement mit Sitz in Z\u00fcrich, Schweiz, und weiteren Gruppengesellschaften in London und Liechtenstein, die als Vermittler f\u00fcr internationale Krankenversicherungen f\u00fcr die EU\/EWR und das Vereinigte K\u00f6nigreich lizenziert sind.<\/span><\/p><p>Wir bieten ein komplettes Angebot an internationalen Krankenversicherungen und umfassenden medizinischen Concierge-Dienstleistungen f\u00fcr Privatkunden und F\u00fchrungskr\u00e4fte.<\/p><p>Seit \u00fcber 25 Jahren vertrauen Einzelpersonen, Familien und Unternehmen sowie deren Berater auf unsere Kompetenz und Erfahrung. Unser Team aus engagierten Gesundheits &#8211; und Versicherungsexperten\u00a0 hilft unseren Kunden jeden Tag, das zu sch\u00fctzen, was am wichtigsten ist.<\/p><p>Wenn auch Sie von unserem Fachwissen und unserer Erfahrung profitieren m\u00f6chten, setzen Sie sich noch heute mit uns in Verbindung, um mehr \u00fcber unser Dienstleistungsangebot zu erfahren und wie wir Sie unterst\u00fctzen k\u00f6nnen.<\/p>\t\t\t\t\t\t<\/div>\n\t\t\t\t<\/div>\n\t\t\t\t\t<\/div>\n\t\t<\/div>\n\t\t\t\t\t<\/div>\n\t\t<\/section>\n\t\t\t\t\t<\/div>\n\t\t<\/div>\n\t\t\t\t\t<\/div>\n\t\t<\/section>\n\t\t\t\t<section class=\"elementor-section elementor-top-section elementor-element elementor-element-c5ba2bf elementor-section-boxed elementor-section-height-default elementor-section-height-default\" data-id=\"c5ba2bf\" data-element_type=\"section\">\n\t\t\t\t\t\t<div class=\"elementor-container elementor-column-gap-default\">\n\t\t\t\t\t<div class=\"elementor-column elementor-col-100 elementor-top-column elementor-element elementor-element-888257a\" data-id=\"888257a\" data-element_type=\"column\">\n\t\t\t<div class=\"elementor-widget-wrap\">\n\t\t\t\t\t\t\t<\/div>\n\t\t<\/div>\n\t\t\t\t\t<\/div>\n\t\t<\/section>\n\t\t\t\t<section class=\"elementor-section elementor-top-section elementor-element elementor-element-62452310 elementor-section-boxed elementor-section-height-default elementor-section-height-default\" data-id=\"62452310\" data-element_type=\"section\" data-settings=\"{&quot;background_background&quot;:&quot;classic&quot;}\">\n\t\t\t\t\t\t<div class=\"elementor-container elementor-column-gap-default\">\n\t\t\t\t\t<div class=\"elementor-column elementor-col-50 elementor-top-column elementor-element elementor-element-29852bff\" data-id=\"29852bff\" data-element_type=\"column\">\n\t\t\t<div class=\"elementor-widget-wrap elementor-element-populated\">\n\t\t\t\t\t\t<div class=\"elementor-element elementor-element-2661e69c elementor-widget elementor-widget-spacer\" data-id=\"2661e69c\" data-element_type=\"widget\" data-widget_type=\"spacer.default\">\n\t\t\t\t<div class=\"elementor-widget-container\">\n\t\t\t\t\t<div class=\"elementor-spacer\">\n\t\t\t<div class=\"elementor-spacer-inner\"><\/div>\n\t\t<\/div>\n\t\t\t\t<\/div>\n\t\t\t\t<\/div>\n\t\t\t\t<div class=\"elementor-element elementor-element-6d869d20 elementor-widget elementor-widget-image\" data-id=\"6d869d20\" data-element_type=\"widget\" data-widget_type=\"image.default\">\n\t\t\t\t<div class=\"elementor-widget-container\">\n\t\t\t\t\t\t\t\t\t\t\t\t\t<img fetchpriority=\"high\" decoding=\"async\" width=\"496\" height=\"506\" src=\"https:\/\/www.staging.sip.ch\/wp-content\/uploads\/2024\/08\/Image-1.jpg\" class=\"attachment-full size-full wp-image-6021264\" alt=\"\" srcset=\"https:\/\/www.staging.sip.ch\/wp-content\/uploads\/2024\/08\/Image-1.jpg 496w, https:\/\/www.staging.sip.ch\/wp-content\/uploads\/2024\/08\/Image-1-294x300.jpg 294w\" sizes=\"(max-width: 496px) 100vw, 496px\" \/>\t\t\t\t\t\t\t\t\t\t\t\t\t<\/div>\n\t\t\t\t<\/div>\n\t\t\t\t<div class=\"elementor-element elementor-element-5c3fc89b elementor-widget elementor-widget-spacer\" data-id=\"5c3fc89b\" data-element_type=\"widget\" data-widget_type=\"spacer.default\">\n\t\t\t\t<div class=\"elementor-widget-container\">\n\t\t\t\t\t<div class=\"elementor-spacer\">\n\t\t\t<div class=\"elementor-spacer-inner\"><\/div>\n\t\t<\/div>\n\t\t\t\t<\/div>\n\t\t\t\t<\/div>\n\t\t\t\t\t<\/div>\n\t\t<\/div>\n\t\t\t\t<div class=\"elementor-column elementor-col-50 elementor-top-column elementor-element elementor-element-5e6bf99e\" data-id=\"5e6bf99e\" data-element_type=\"column\">\n\t\t\t<div class=\"elementor-widget-wrap elementor-element-populated\">\n\t\t\t\t\t\t<div class=\"elementor-element elementor-element-31d03c5 elementor-widget elementor-widget-spacer\" data-id=\"31d03c5\" data-element_type=\"widget\" data-widget_type=\"spacer.default\">\n\t\t\t\t<div class=\"elementor-widget-container\">\n\t\t\t\t\t<div class=\"elementor-spacer\">\n\t\t\t<div class=\"elementor-spacer-inner\"><\/div>\n\t\t<\/div>\n\t\t\t\t<\/div>\n\t\t\t\t<\/div>\n\t\t\t\t<div class=\"elementor-element elementor-element-4cbb9a4 elementor-widget elementor-widget-spacer\" data-id=\"4cbb9a4\" data-element_type=\"widget\" data-widget_type=\"spacer.default\">\n\t\t\t\t<div class=\"elementor-widget-container\">\n\t\t\t\t\t<div class=\"elementor-spacer\">\n\t\t\t<div class=\"elementor-spacer-inner\"><\/div>\n\t\t<\/div>\n\t\t\t\t<\/div>\n\t\t\t\t<\/div>\n\t\t\t\t<div class=\"elementor-element elementor-element-a7cbf8f elementor-widget elementor-widget-heading\" data-id=\"a7cbf8f\" data-element_type=\"widget\" data-widget_type=\"heading.default\">\n\t\t\t\t<div class=\"elementor-widget-container\">\n\t\t\t<h2 class=\"elementor-heading-title elementor-size-default\">Medizinischer Concierge und Gesundheitsmanagement <\/h2>\t\t<\/div>\n\t\t\t\t<\/div>\n\t\t\t\t<div class=\"elementor-element elementor-element-796de13e unique-paragraph-classs elementor-widget elementor-widget-text-editor\" data-id=\"796de13e\" data-element_type=\"widget\" data-widget_type=\"text-editor.default\">\n\t\t\t\t<div class=\"elementor-widget-container\">\n\t\t\t\t\t\t\t<p>Mit einer SIP-Mitgliedschaft profitieren Sie von umfassenden Dienstleistungen rund um Ihre Gesundheit und Ihr Wohlbefinden. Ein privilegierter Zugang zu den weltweit besten Krankenh\u00e4usern, Kliniken und \u00c4rzten sorgt daf\u00fcr, dass Ihre Gesundheit immer in den besten H\u00e4nden ist. Exklusive Pr\u00e4ventivmedizin und Longevity-Programme sind auf Ihre individuellen Priorit\u00e4ten zugeschnitten und halten Sie und Ihre Familie in jedem Alter gesund. Des Weiteren erleichtert die zentrale Verwaltung Ihrer gesamten Krankengeschichte den schnellen Zugriff auf Ihre medizinischen Unterlagen von \u00fcberall auf der Welt.<\/p>\t\t\t\t\t\t<\/div>\n\t\t\t\t<\/div>\n\t\t\t\t<div class=\"elementor-element elementor-element-315d2ee3 elementor-widget elementor-widget-button\" data-id=\"315d2ee3\" data-element_type=\"widget\" data-widget_type=\"button.default\">\n\t\t\t\t<div class=\"elementor-widget-container\">\n\t\t\t\t\t<div class=\"elementor-button-wrapper\">\n\t\t\t<a class=\"elementor-button elementor-button-link elementor-size-sm\" href=\"https:\/\/www.staging.sip.ch\/de\/service\/privilegierte-gesundheitsleistungen\/\">\n\t\t\t\t\t\t<span class=\"elementor-button-content-wrapper\">\n\t\t\t\t\t\t\t\t\t<span class=\"elementor-button-text\">Mehr erfahren<\/span>\n\t\t\t\t\t<\/span>\n\t\t\t\t\t<\/a>\n\t\t<\/div>\n\t\t\t\t<\/div>\n\t\t\t\t<\/div>\n\t\t\t\t\t<\/div>\n\t\t<\/div>\n\t\t\t\t\t<\/div>\n\t\t<\/section>\n\t\t\t\t<section class=\"elementor-section elementor-top-section elementor-element elementor-element-a6cc59b elementor-section-boxed elementor-section-height-default elementor-section-height-default\" data-id=\"a6cc59b\" data-element_type=\"section\">\n\t\t\t\t\t\t<div class=\"elementor-container elementor-column-gap-default\">\n\t\t\t\t\t<div class=\"elementor-column elementor-col-100 elementor-top-column elementor-element elementor-element-a9af77e\" data-id=\"a9af77e\" data-element_type=\"column\">\n\t\t\t<div class=\"elementor-widget-wrap elementor-element-populated\">\n\t\t\t\t\t\t<div class=\"elementor-element elementor-element-a09c91e elementor-widget elementor-widget-spacer\" data-id=\"a09c91e\" data-element_type=\"widget\" data-widget_type=\"spacer.default\">\n\t\t\t\t<div class=\"elementor-widget-container\">\n\t\t\t\t\t<div class=\"elementor-spacer\">\n\t\t\t<div class=\"elementor-spacer-inner\"><\/div>\n\t\t<\/div>\n\t\t\t\t<\/div>\n\t\t\t\t<\/div>\n\t\t\t\t\t<\/div>\n\t\t<\/div>\n\t\t\t\t\t<\/div>\n\t\t<\/section>\n\t\t\t\t<section class=\"elementor-section elementor-top-section elementor-element elementor-element-2e9f3b1a elementor-section-boxed elementor-section-height-default elementor-section-height-default\" data-id=\"2e9f3b1a\" data-element_type=\"section\">\n\t\t\t\t\t\t<div class=\"elementor-container elementor-column-gap-default\">\n\t\t\t\t\t<div class=\"elementor-column elementor-col-50 elementor-top-column elementor-element elementor-element-61ac943\" data-id=\"61ac943\" data-element_type=\"column\">\n\t\t\t<div class=\"elementor-widget-wrap elementor-element-populated\">\n\t\t\t\t\t\t<div class=\"elementor-element elementor-element-10aac7eb elementor-widget elementor-widget-spacer\" data-id=\"10aac7eb\" data-element_type=\"widget\" data-widget_type=\"spacer.default\">\n\t\t\t\t<div class=\"elementor-widget-container\">\n\t\t\t\t\t<div class=\"elementor-spacer\">\n\t\t\t<div class=\"elementor-spacer-inner\"><\/div>\n\t\t<\/div>\n\t\t\t\t<\/div>\n\t\t\t\t<\/div>\n\t\t\t\t<div class=\"elementor-element elementor-element-2b48b7c8 elementor-widget elementor-widget-heading\" data-id=\"2b48b7c8\" data-element_type=\"widget\" data-widget_type=\"heading.default\">\n\t\t\t\t<div class=\"elementor-widget-container\">\n\t\t\t<h2 class=\"elementor-heading-title elementor-size-default\">Internationale Krankenversicherung<\/h2>\t\t<\/div>\n\t\t\t\t<\/div>\n\t\t\t\t<div class=\"elementor-element elementor-element-290d62d8 elementor-widget elementor-widget-text-editor\" data-id=\"290d62d8\" data-element_type=\"widget\" data-widget_type=\"text-editor.default\">\n\t\t\t\t<div class=\"elementor-widget-container\">\n\t\t\t\t\t\t\t<p>F\u00fcr Weltb\u00fcrger, Expats und Sportler garantiert eine internationale Krankenversicherung weltweiten Versicherungsschutz, freie Wahl von \u00c4rzten und Spit\u00e4ler, den Zugang zu den weltweit besten medizinischen Leistungen und die globale Kontinuit\u00e4t des Versicherungsschutzes bei einem internationalen Umzug. Aber auch f\u00fcr diejenigen ohne Pl\u00e4ne im Ausland kann es sich lohnen auf Grund der Versicherungsleistungen und globalen Flexibilit\u00e4t eine internationale Krankenversicherung anstelle einer lokalen Krankenversicherung zu w\u00e4hlen. So steigern auch Unternehmen Ihren Ruf und Ihr Ansehen als Arbeitgeber, indem Sie Ihren Mitarbeitern eine private internationale Krankenversicherung anbieten.<\/p>\t\t\t\t\t\t<\/div>\n\t\t\t\t<\/div>\n\t\t\t\t<div class=\"elementor-element elementor-element-68222402 elementor-widget elementor-widget-button\" data-id=\"68222402\" data-element_type=\"widget\" data-widget_type=\"button.default\">\n\t\t\t\t<div class=\"elementor-widget-container\">\n\t\t\t\t\t<div class=\"elementor-button-wrapper\">\n\t\t\t<a class=\"elementor-button elementor-button-link elementor-size-sm\" href=\"https:\/\/www.staging.sip.ch\/de\/service\/internationale-krankenversicherung\/\">\n\t\t\t\t\t\t<span class=\"elementor-button-content-wrapper\">\n\t\t\t\t\t\t\t\t\t<span class=\"elementor-button-text\">Mehr erfahren<\/span>\n\t\t\t\t\t<\/span>\n\t\t\t\t\t<\/a>\n\t\t<\/div>\n\t\t\t\t<\/div>\n\t\t\t\t<\/div>\n\t\t\t\t\t<\/div>\n\t\t<\/div>\n\t\t\t\t<div class=\"elementor-column elementor-col-50 elementor-top-column elementor-element elementor-element-422472e2\" data-id=\"422472e2\" data-element_type=\"column\">\n\t\t\t<div class=\"elementor-widget-wrap elementor-element-populated\">\n\t\t\t\t\t\t<div class=\"elementor-element elementor-element-6b7e7812 elementor-widget elementor-widget-image\" data-id=\"6b7e7812\" data-element_type=\"widget\" data-widget_type=\"image.default\">\n\t\t\t\t<div class=\"elementor-widget-container\">\n\t\t\t\t\t\t\t\t\t\t\t\t\t<img decoding=\"async\" width=\"496\" height=\"506\" src=\"https:\/\/www.staging.sip.ch\/wp-content\/uploads\/2024\/08\/Image-2.jpg\" class=\"attachment-full size-full wp-image-6021267\" alt=\"\" srcset=\"https:\/\/www.staging.sip.ch\/wp-content\/uploads\/2024\/08\/Image-2.jpg 496w, https:\/\/www.staging.sip.ch\/wp-content\/uploads\/2024\/08\/Image-2-294x300.jpg 294w\" sizes=\"(max-width: 496px) 100vw, 496px\" \/>\t\t\t\t\t\t\t\t\t\t\t\t\t<\/div>\n\t\t\t\t<\/div>\n\t\t\t\t\t<\/div>\n\t\t<\/div>\n\t\t\t\t\t<\/div>\n\t\t<\/section>\n\t\t\t\t<section class=\"elementor-section elementor-top-section elementor-element elementor-element-9df64a4 elementor-section-boxed elementor-section-height-default elementor-section-height-default\" data-id=\"9df64a4\" data-element_type=\"section\">\n\t\t\t\t\t\t<div class=\"elementor-container elementor-column-gap-default\">\n\t\t\t\t\t<div class=\"elementor-column elementor-col-100 elementor-top-column elementor-element elementor-element-6941e8a\" data-id=\"6941e8a\" data-element_type=\"column\">\n\t\t\t<div class=\"elementor-widget-wrap elementor-element-populated\">\n\t\t\t\t\t\t<div class=\"elementor-element elementor-element-678461f elementor-widget elementor-widget-spacer\" data-id=\"678461f\" data-element_type=\"widget\" data-widget_type=\"spacer.default\">\n\t\t\t\t<div class=\"elementor-widget-container\">\n\t\t\t\t\t<div class=\"elementor-spacer\">\n\t\t\t<div class=\"elementor-spacer-inner\"><\/div>\n\t\t<\/div>\n\t\t\t\t<\/div>\n\t\t\t\t<\/div>\n\t\t\t\t\t<\/div>\n\t\t<\/div>\n\t\t\t\t\t<\/div>\n\t\t<\/section>\n\t\t\t\t<section class=\"elementor-section elementor-top-section elementor-element elementor-element-b95c6fd elementor-section-boxed elementor-section-height-default elementor-section-height-default\" data-id=\"b95c6fd\" data-element_type=\"section\">\n\t\t\t\t\t\t<div class=\"elementor-container elementor-column-gap-default\">\n\t\t\t\t\t<div class=\"elementor-column elementor-col-100 elementor-top-column elementor-element elementor-element-02af24e\" data-id=\"02af24e\" data-element_type=\"column\">\n\t\t\t<div class=\"elementor-widget-wrap elementor-element-populated\">\n\t\t\t\t\t\t<div class=\"elementor-element elementor-element-1b80af2 elementor-widget elementor-widget-heading\" data-id=\"1b80af2\" data-element_type=\"widget\" data-widget_type=\"heading.default\">\n\t\t\t\t<div class=\"elementor-widget-container\">\n\t\t\t<h2 class=\"elementor-heading-title elementor-size-default\">\u00dcber 25 Jahre Expertise im internationalen Gesundheitsmanagement und in der internationalen Krankenversicherung\u200b<\/h2>\t\t<\/div>\n\t\t\t\t<\/div>\n\t\t\t\t\t<\/div>\n\t\t<\/div>\n\t\t\t\t\t<\/div>\n\t\t<\/section>\n\t\t\t\t<section class=\"elementor-section elementor-inner-section elementor-element elementor-element-19936c06 elementor-section-boxed elementor-section-height-default elementor-section-height-default\" data-id=\"19936c06\" data-element_type=\"section\">\n\t\t\t\t\t\t<div class=\"elementor-container elementor-column-gap-default\">\n\t\t\t\t\t<div class=\"elementor-column elementor-col-50 elementor-inner-column elementor-element elementor-element-20478587\" data-id=\"20478587\" data-element_type=\"column\">\n\t\t\t<div class=\"elementor-widget-wrap elementor-element-populated\">\n\t\t\t\t\t\t<div class=\"elementor-element elementor-element-35db22b2 elementor-widget elementor-widget-text-editor\" data-id=\"35db22b2\" data-element_type=\"widget\" data-widget_type=\"text-editor.default\">\n\t\t\t\t<div class=\"elementor-widget-container\">\n\t\t\t\t\t\t\t<p><span style=\"color: #1e1e1e;\">Die heutigen Gesundheitssysteme stellen eine zunehmende Bedrohung f\u00fcr Ihre Gesundheit dar und setzen leider oft finanzielle Anreize \u00fcber Ihr Wohlbefinden. <\/span><span style=\"color: #1e1e1e;\">Es ist daher essentiell, einen unabh\u00e4ngigen Gesundheitsexperten an seiner zu haben, der unabh\u00e4ngig und in Ihrem Interesse handelt, sowohl wenn es\u00a0um Krankenversicherungen wie auch um Gesundheitsleistungen geht.<\/span><\/p><p><span style=\"color: #1e1e1e;\">Das SIP Medical Family Office<sup>\u00ae<\/sup> ist einer der weltweit f\u00fchrenden unabh\u00e4ngigen Beratern f\u00fcr internationales Gesundheitsmanagement und internationale Krankenversicherungen mit Sitz in Z\u00fcrich, Schweiz.<\/span><\/p><p><span style=\"color: #1e1e1e;\">Seit \u00fcber 25 Jahren verlassen sich Einzelpersonen, Familien und Unternehmen sowie deren Berater auf unsere Expertise, um ihre Gesundheit weltweit zu sch\u00fctzen.<\/span><\/p>\t\t\t\t\t\t<\/div>\n\t\t\t\t<\/div>\n\t\t\t\t<div class=\"elementor-element elementor-element-20f69060 elementor-widget elementor-widget-button\" data-id=\"20f69060\" data-element_type=\"widget\" data-widget_type=\"button.default\">\n\t\t\t\t<div class=\"elementor-widget-container\">\n\t\t\t\t\t<div class=\"elementor-button-wrapper\">\n\t\t\t<a class=\"elementor-button elementor-button-link elementor-size-sm\" href=\"https:\/\/www.staging.sip.ch\/de\/service\/privilegierte-gesundheitsleistungen\/\">\n\t\t\t\t\t\t<span class=\"elementor-button-content-wrapper\">\n\t\t\t\t\t\t\t\t\t<span class=\"elementor-button-text\">Mehr erfahren<\/span>\n\t\t\t\t\t<\/span>\n\t\t\t\t\t<\/a>\n\t\t<\/div>\n\t\t\t\t<\/div>\n\t\t\t\t<\/div>\n\t\t\t\t\t<\/div>\n\t\t<\/div>\n\t\t\t\t<div class=\"elementor-column elementor-col-50 elementor-inner-column elementor-element elementor-element-c75b1\" data-id=\"c75b1\" data-element_type=\"column\">\n\t\t\t<div class=\"elementor-widget-wrap elementor-element-populated\">\n\t\t\t\t\t\t<div class=\"elementor-element elementor-element-5f0b1335 elementor-widget elementor-widget-video\" data-id=\"5f0b1335\" data-element_type=\"widget\" data-settings=\"{&quot;youtube_url&quot;:&quot;https:\\\/\\\/www.youtube.com\\\/watch?v=PUZtQy2FPDs&quot;,&quot;video_type&quot;:&quot;youtube&quot;,&quot;controls&quot;:&quot;yes&quot;}\" data-widget_type=\"video.default\">\n\t\t\t\t<div class=\"elementor-widget-container\">\n\t\t\t\t\t<div class=\"elementor-wrapper elementor-open-inline\">\n\t\t\t<div class=\"elementor-video\"><\/div>\t\t<\/div>\n\t\t\t\t<\/div>\n\t\t\t\t<\/div>\n\t\t\t\t\t<\/div>\n\t\t<\/div>\n\t\t\t\t\t<\/div>\n\t\t<\/section>\n\t\t\t\t<section class=\"elementor-section elementor-top-section elementor-element elementor-element-3f72d5c elementor-section-boxed elementor-section-height-default elementor-section-height-default\" data-id=\"3f72d5c\" data-element_type=\"section\">\n\t\t\t\t\t\t<div class=\"elementor-container elementor-column-gap-default\">\n\t\t\t\t\t<div class=\"elementor-column elementor-col-100 elementor-top-column elementor-element elementor-element-9102ef4\" data-id=\"9102ef4\" data-element_type=\"column\">\n\t\t\t<div class=\"elementor-widget-wrap elementor-element-populated\">\n\t\t\t\t\t\t<div class=\"elementor-element elementor-element-7559beb elementor-widget elementor-widget-spacer\" data-id=\"7559beb\" data-element_type=\"widget\" data-widget_type=\"spacer.default\">\n\t\t\t\t<div class=\"elementor-widget-container\">\n\t\t\t\t\t<div class=\"elementor-spacer\">\n\t\t\t<div class=\"elementor-spacer-inner\"><\/div>\n\t\t<\/div>\n\t\t\t\t<\/div>\n\t\t\t\t<\/div>\n\t\t\t\t<div class=\"elementor-element elementor-element-fa1b4af elementor-widget elementor-widget-spacer\" data-id=\"fa1b4af\" data-element_type=\"widget\" data-widget_type=\"spacer.default\">\n\t\t\t\t<div class=\"elementor-widget-container\">\n\t\t\t\t\t<div class=\"elementor-spacer\">\n\t\t\t<div class=\"elementor-spacer-inner\"><\/div>\n\t\t<\/div>\n\t\t\t\t<\/div>\n\t\t\t\t<\/div>\n\t\t\t\t\t<\/div>\n\t\t<\/div>\n\t\t\t\t\t<\/div>\n\t\t<\/section>\n\t\t\t\t<\/div>\n\t\t","protected":false},"excerpt":{"rendered":"<p>\u00dcber das SIP Medical Family Office Das SIP Medical Family Office\u00ae wurde 1997 gegr\u00fcndet und setzt sich f\u00fcr den Schutz Ihres wirklichen Verm\u00f6gens ein: Ihre Gesundheit. Wir sind einer der weltweit f\u00fchrenden unabh\u00e4ngigen Berater f\u00fcr internationale Krankenversicherung und Gesundheitsmanagement mit Sitz in Z\u00fcrich, Schweiz, und weiteren Gruppengesellschaften in London und Liechtenstein, die als Vermittler f\u00fcr [&hellip;]<\/p>\n","protected":false},"author":1,"featured_media":0,"parent":0,"menu_order":0,"comment_status":"closed","ping_status":"closed","template":"template\/full-width-template.php","meta":[],"_links":{"self":[{"href":"https:\/\/www.staging.sip.ch\/de\/wp-json\/wp\/v2\/pages\/7378"}],"collection":[{"href":"https:\/\/www.staging.sip.ch\/de\/wp-json\/wp\/v2\/pages"}],"about":[{"href":"https:\/\/www.staging.sip.ch\/de\/wp-json\/wp\/v2\/types\/page"}],"author":[{"embeddable":true,"href":"https:\/\/www.staging.sip.ch\/de\/wp-json\/wp\/v2\/users\/1"}],"replies":[{"embeddable":true,"href":"https:\/\/www.staging.sip.ch\/de\/wp-json\/wp\/v2\/comments?post=7378"}],"version-history":[{"count":53,"href":"https:\/\/www.staging.sip.ch\/de\/wp-json\/wp\/v2\/pages\/7378\/revisions"}],"predecessor-version":[{"id":6022378,"href":"https:\/\/www.staging.sip.ch\/de\/wp-json\/wp\/v2\/pages\/7378\/revisions\/6022378"}],"wp:attachment":[{"href":"https:\/\/www.staging.sip.ch\/de\/wp-json\/wp\/v2\/media?parent=7378"}],"curies":[{"name":"wp","href":"https:\/\/api.w.org\/{rel}","templated":true}]}}